{"id":5969,"date":"2025-02-24T12:11:02","date_gmt":"2025-02-24T11:11:02","guid":{"rendered":"https:\/\/dev.bertakomm-v3.berta-bewegt.ch\/angebote\/"},"modified":"2026-02-02T08:42:55","modified_gmt":"2026-02-02T07:42:55","slug":"angebote","status":"publish","type":"page","link":"https:\/\/bertakomm.ch\/it\/angebote\/","title":{"rendered":"Servizi"},"content":{"rendered":"\n            <section class=\"text-narrow-block block-margins scrollMagic-square-bg-el-trigger\" id=\"\" data-uid=\"69e2ae2abf983\">\n            <div class=\"text-narrow-block-inner-container\">\n                <div class=\"default-text-wrapper lead-text-wrapper\">\n                    <p data-pm-slice=\"1 1 []\">Analizzare, pianificare, agire. Offriamo ai nostri clienti sicurezza e chiarezza in situazioni complesse e facciamo in modo che siano ascoltati e compresi.<\/p>\n                <\/div>\n\n                            <\/div>\n        <\/section>\n    \n\n\n\n\n\n\n\n            <section class=\"text-icon-border-bottom-block block-margins scrollMagic-square-bg-el-trigger\" id=\"\" data-uid=\"69e2ae2ac31d3\">\n                            <div class=\"block-icon-r\">\n                    <div class=\"block-text-wrapper\">\n                                                    <h2 class=\"medium-big mb_0\">\n                                CONTENUTI                            <\/h2>\n                        \n                                                    <h3 class=\"medium-big text-regular mb_0\">\n                                Comprensibili ed efficaci                            <\/h3>\n                        \n                                            <\/div>\n\n                    <div class=\"block-icon-wrapper\">\n                                                    <img decoding=\"async\" src=\"https:\/\/bertakomm.ch\/wp-content\/uploads\/2025\/02\/animation-gluehbirne-weiss.gif\" class=\"block-icon\" alt=\"CONTENUTI\" \/>\n                                            <\/div>\n                <\/div>\n                            <div class=\"block-icon-l\">\n                    <div class=\"block-text-wrapper\">\n                                                    <h2 class=\"medium-big mb_0\">\n                                REALIZZAZIONE                            <\/h2>\n                        \n                                                    <h3 class=\"medium-big text-regular mb_0\">\n                                Contenuti visivi e multimediali                            <\/h3>\n                        \n                                            <\/div>\n\n                    <div class=\"block-icon-wrapper\">\n                                                    <img decoding=\"async\" src=\"https:\/\/bertakomm.ch\/wp-content\/uploads\/2025\/02\/animation-kamera.gif\" class=\"block-icon\" alt=\"REALIZZAZIONE\" \/>\n                                            <\/div>\n                <\/div>\n                            <div class=\"block-icon-r\">\n                    <div class=\"block-text-wrapper\">\n                                                    <h2 class=\"medium-big mb_0\">\n                                COMUNICAZIONE                            <\/h2>\n                        \n                                                    <h3 class=\"medium-big text-regular mb_0\">\n                                Raggiungere il pubblico in maniera mirata                            <\/h3>\n                        \n                                            <\/div>\n\n                    <div class=\"block-icon-wrapper\">\n                                                    <img decoding=\"async\" src=\"https:\/\/bertakomm.ch\/wp-content\/uploads\/2025\/02\/animation-laptop.gif\" class=\"block-icon\" alt=\"COMUNICAZIONE\" \/>\n                                            <\/div>\n                <\/div>\n                    <\/section>\n    \n\n\n\n\n\n\n\n            <section class=\"flexible-image-block image-container-width-block   scrollMagic-square-bg-el-trigger\" id=\"\" data-uid=\"69e2ae2ac4f7f\">\n            <div class=\"image-wrapper\">\n                <div class=\"image-bg\" style=\"background-image: url('https:\/\/bertakomm.ch\/wp-content\/uploads\/2026\/02\/Bild-Regionen-BK-scaled.jpg')\"><\/div>\n\n                \n                                    <img decoding=\"async\" src=\"https:\/\/bertakomm.ch\/wp-content\/themes\/bertakomm_new\/assets\/images\/image_16_9_big.png\" class=\"image-big\" alt=\"Format\" \/>\n                    <img decoding=\"async\" src=\"https:\/\/bertakomm.ch\/wp-content\/themes\/bertakomm_new\/assets\/images\/image_16_9.png\" class=\"image-desk\" alt=\"Format\" \/>\n                    <img decoding=\"async\" src=\"https:\/\/bertakomm.ch\/wp-content\/themes\/bertakomm_new\/assets\/images\/image_4_3.png\" class=\"image-mob\" alt=\"Format\" \/>\n                            <\/div>\n\n                    <\/section>\n    \n\n\n\n\n\n\n            <section class=\"angebot-overview-block block-margins scrollMagic-square-bg-el-trigger\" id=\"\" data-uid=\"69e2ae2ac78c7\">\n            <h2 class=\"mb_0\">Le nostre competenze<\/h2>\n            <div class=\"title-divider\"><\/div>\n\n            <div class=\"angebot-cards\">\n                                    <a href=\"https:\/\/bertakomm.ch\/it\/angebot\/strategia-e-consulenza\/\" class=\"angebot-card\">\n                        \n                        <div class=\"angebot-card-inner-container\">\n                            <div class=\"angebot-card-content-wrapper\">\n                                <div class=\"angebot-card-title-wrapper\">\n                                    <h3 class=\"angebot-card-title mb_0 text-orange\">\n                                        Strategia e consulenza                                    <\/h3>\n                                <\/div>\n\n                                <div class=\"angebot-card-hidden-part\">\n                                                                            <p class=\"mb_0 card-text text-white\">\n                                            La strategia parte sempre da un&#8217;analisi efficace. Analizziamo la situazione e prepariamo messaggi mirati per una comunicazione che funziona.                                         <\/p>\n                                    \n                                    <div class=\"link-wrapper\">\n                                        <div class=\"arrow-link-main-card arrow-link-main-full-w\">\n                                            <span>Strategia e consulenza<\/span>\n\n                                            <svg xmlns=\"http:\/\/www.w3.org\/2000\/svg\" width=\"40\" height=\"40\" viewBox=\"0 0 40 40\" fill=\"none\">\n                                                <path d=\"M26.0996 18.5093L20.3828 10H15.4944L22.4617 19.4191L14.8996 30H20.0316L26.0996 18.5093Z\" fill=\"#FCFBF4\"\/>\n                                            <\/svg>\n                                        <\/div>\n                                    <\/div>\n                                <\/div>\n                            <\/div>\n                        <\/div>\n                    <\/a>\n                                    <a href=\"https:\/\/bertakomm.ch\/it\/angebot\/public-affairs-und-lobbying\/\" class=\"angebot-card\">\n                        \n                        <div class=\"angebot-card-inner-container\">\n                            <div class=\"angebot-card-content-wrapper\">\n                                <div class=\"angebot-card-title-wrapper\">\n                                    <h3 class=\"angebot-card-title mb_0 text-orange\">\n                                        Public Affairs &amp; Campaigning                                    <\/h3>\n                                <\/div>\n\n                                <div class=\"angebot-card-hidden-part\">\n                                                                            <p class=\"mb_0 card-text text-white\">\n                                            Affianchiamo i clienti nei processi politici con competenza e visione strategica, affinch\u00e9 le loro istanze trovino ascolto.                                        <\/p>\n                                    \n                                    <div class=\"link-wrapper\">\n                                        <div class=\"arrow-link-main-card arrow-link-main-full-w\">\n                                            <span>Public Affairs &amp; Campaigning<\/span>\n\n                                            <svg xmlns=\"http:\/\/www.w3.org\/2000\/svg\" width=\"40\" height=\"40\" viewBox=\"0 0 40 40\" fill=\"none\">\n                                                <path d=\"M26.0996 18.5093L20.3828 10H15.4944L22.4617 19.4191L14.8996 30H20.0316L26.0996 18.5093Z\" fill=\"#FCFBF4\"\/>\n                                            <\/svg>\n                                        <\/div>\n                                    <\/div>\n                                <\/div>\n                            <\/div>\n                        <\/div>\n                    <\/a>\n                                    <a href=\"https:\/\/bertakomm.ch\/it\/angebot\/multimedia-design\/\" class=\"angebot-card\">\n                        \n                        <div class=\"angebot-card-inner-container\">\n                            <div class=\"angebot-card-content-wrapper\">\n                                <div class=\"angebot-card-title-wrapper\">\n                                    <h3 class=\"angebot-card-title mb_0 text-orange\">\n                                        Multimedia &amp; design                                    <\/h3>\n                                <\/div>\n\n                                <div class=\"angebot-card-hidden-part\">\n                                                                            <p class=\"mb_0 card-text text-white\">\n                                            Un marchio forte ha bisogno di visibilit\u00e0 \u2013 e la visibilit\u00e0 vive di storie forti. Uniamo strategia, design e storytelling in presenze multimediali efficaci, che raggiungono i vostri gruppi target.                                        <\/p>\n                                    \n                                    <div class=\"link-wrapper\">\n                                        <div class=\"arrow-link-main-card arrow-link-main-full-w\">\n                                            <span>Multimedia &amp; design<\/span>\n\n                                            <svg xmlns=\"http:\/\/www.w3.org\/2000\/svg\" width=\"40\" height=\"40\" viewBox=\"0 0 40 40\" fill=\"none\">\n                                                <path d=\"M26.0996 18.5093L20.3828 10H15.4944L22.4617 19.4191L14.8996 30H20.0316L26.0996 18.5093Z\" fill=\"#FCFBF4\"\/>\n                                            <\/svg>\n                                        <\/div>\n                                    <\/div>\n                                <\/div>\n                            <\/div>\n                        <\/div>\n                    <\/a>\n                                    <a href=\"https:\/\/bertakomm.ch\/it\/angebot\/medien\/\" class=\"angebot-card\">\n                        \n                        <div class=\"angebot-card-inner-container\">\n                            <div class=\"angebot-card-content-wrapper\">\n                                <div class=\"angebot-card-title-wrapper\">\n                                    <h3 class=\"angebot-card-title mb_0 text-orange\">\n                                        Relazioni con i media                                    <\/h3>\n                                <\/div>\n\n                                <div class=\"angebot-card-hidden-part\">\n                                                                            <p class=\"mb_0 card-text text-white\">\n                                            Cogliamo le opportunit\u00e0 dell&#8217;attualit\u00e0, prepariamo contenuti redazionali professionali e facciamo arrivare le vostre storie nei media.                                        <\/p>\n                                    \n                                    <div class=\"link-wrapper\">\n                                        <div class=\"arrow-link-main-card arrow-link-main-full-w\">\n                                            <span>Relazioni con i media<\/span>\n\n                                            <svg xmlns=\"http:\/\/www.w3.org\/2000\/svg\" width=\"40\" height=\"40\" viewBox=\"0 0 40 40\" fill=\"none\">\n                                                <path d=\"M26.0996 18.5093L20.3828 10H15.4944L22.4617 19.4191L14.8996 30H20.0316L26.0996 18.5093Z\" fill=\"#FCFBF4\"\/>\n                                            <\/svg>\n                                        <\/div>\n                                    <\/div>\n                                <\/div>\n                            <\/div>\n                        <\/div>\n                    <\/a>\n                                    <a href=\"https:\/\/bertakomm.ch\/it\/angebot\/krisenkommunikation\/\" class=\"angebot-card\">\n                        \n                        <div class=\"angebot-card-inner-container\">\n                            <div class=\"angebot-card-content-wrapper\">\n                                <div class=\"angebot-card-title-wrapper\">\n                                    <h3 class=\"angebot-card-title mb_0 text-orange\">\n                                        Comunicazione di crisi                                    <\/h3>\n                                <\/div>\n\n                                <div class=\"angebot-card-hidden-part\">\n                                                                            <p class=\"mb_0 card-text text-white\">\n                                            In una crisi ogni secondo conta. Vi aiutiamo a essere pronti e a comunicare rapidamente in modo chiaro e credibile.                                        <\/p>\n                                    \n                                    <div class=\"link-wrapper\">\n                                        <div class=\"arrow-link-main-card arrow-link-main-full-w\">\n                                            <span>Comunicazione di crisi<\/span>\n\n                                            <svg xmlns=\"http:\/\/www.w3.org\/2000\/svg\" width=\"40\" height=\"40\" viewBox=\"0 0 40 40\" fill=\"none\">\n                                                <path d=\"M26.0996 18.5093L20.3828 10H15.4944L22.4617 19.4191L14.8996 30H20.0316L26.0996 18.5093Z\" fill=\"#FCFBF4\"\/>\n                                            <\/svg>\n                                        <\/div>\n                                    <\/div>\n                                <\/div>\n                            <\/div>\n                        <\/div>\n                    <\/a>\n                                    <a href=\"https:\/\/bertakomm.ch\/it\/angebot\/baukommunikation\/\" class=\"angebot-card\">\n                        \n                        <div class=\"angebot-card-inner-container\">\n                            <div class=\"angebot-card-content-wrapper\">\n                                <div class=\"angebot-card-title-wrapper\">\n                                    <h3 class=\"angebot-card-title mb_0 text-orange\">\n                                        Comunicazione in materia edilizia                                    <\/h3>\n                                <\/div>\n\n                                <div class=\"angebot-card-hidden-part\">\n                                                                            <p class=\"mb_0 card-text text-white\">\n                                            Seguiamo la comunicazione di progetti edilizi, dalla pianificazione alla realizzazione, affinch\u00e9 si giunga al termine con successo.                                         <\/p>\n                                    \n                                    <div class=\"link-wrapper\">\n                                        <div class=\"arrow-link-main-card arrow-link-main-full-w\">\n                                            <span>Comunicazione in materia edilizia<\/span>\n\n                                            <svg xmlns=\"http:\/\/www.w3.org\/2000\/svg\" width=\"40\" height=\"40\" viewBox=\"0 0 40 40\" fill=\"none\">\n                                                <path d=\"M26.0996 18.5093L20.3828 10H15.4944L22.4617 19.4191L14.8996 30H20.0316L26.0996 18.5093Z\" fill=\"#FCFBF4\"\/>\n                                            <\/svg>\n                                        <\/div>\n                                    <\/div>\n                                <\/div>\n                            <\/div>\n                        <\/div>\n                    <\/a>\n                            <\/div>\n        <\/section>\n    \n\n\n\n\n\n            <section class=\"flexible-image-block image-full-width-block  image-with-hover scrollMagic-square-bg-el-trigger\" id=\"\" data-uid=\"69e2ae2ace58e\">\n            <div class=\"image-wrapper\">\n                <div class=\"image-bg\" style=\"background-image: url('https:\/\/bertakomm.ch\/wp-content\/uploads\/2025\/12\/P2380929-scaled.jpg')\"><\/div>\n\n                                    <div class=\"image-filter image-filter-bottom\"><\/div>\n                \n                                    <img decoding=\"async\" src=\"https:\/\/bertakomm.ch\/wp-content\/themes\/bertakomm_new\/assets\/images\/image_21_9_big.png\" class=\"image-big\" alt=\"Format\" \/>\n                    <img decoding=\"async\" src=\"https:\/\/bertakomm.ch\/wp-content\/themes\/bertakomm_new\/assets\/images\/image_text.png\" class=\"image-desk\" alt=\"Format\" \/>\n                    <img decoding=\"async\" src=\"https:\/\/bertakomm.ch\/wp-content\/themes\/bertakomm_new\/assets\/images\/image_9_16.png\" class=\"image-mob\" alt=\"Format\" \/>\n                            <\/div>\n\n                            <div class=\"image-text-wrapper image-text-wrapper-bottom\">\n                    \n                                            <div class=\"default-text-wrapper-white-with-orange-strong lead-text-wrapper\">\n                            <p>Sede di Mendrisio<\/p>\n                        <\/div>\n                                    <\/div>\n                    <\/section>\n    \n\n\n\n","protected":false},"excerpt":{"rendered":"","protected":false},"author":1,"featured_media":0,"parent":0,"menu_order":0,"comment_status":"closed","ping_status":"closed","template":"","meta":{"_acf_changed":false,"inline_featured_image":false,"footnotes":""},"class_list":["post-5969","page","type-page","status-publish","hentry"],"acf":[],"yoast_head":"<!-- This site is optimized with the Yoast SEO Premium plugin v27.2 (Yoast SEO v27.2) - https:\/\/yoast.com\/product\/yoast-seo-premium-wordpress\/ -->\n<title>I nostri servizi | Agenzia di comunicazione BERTAKOMM<\/title>\n<meta name=\"description\" content=\"Le nostre competenze: consulenza strategica, Public Affairs, pubbliche relazioni, Multimedia, Branding e sviluppo di siti web - tutto in un&#039;unica agenzia.\" \/>\n<meta name=\"robots\" content=\"index, follow, max-snippet:-1, max-image-preview:large, max-video-preview:-1\" \/>\n<link rel=\"canonical\" href=\"https:\/\/bertakomm.ch\/it\/angebote\/\" \/>\n<meta property=\"og:locale\" content=\"it_IT\" \/>\n<meta property=\"og:type\" content=\"article\" \/>\n<meta property=\"og:title\" content=\"Servizi\" \/>\n<meta property=\"og:description\" content=\"Le nostre competenze: consulenza strategica, Public Affairs, pubbliche relazioni, Multimedia, Branding e sviluppo di siti web - tutto in un&#039;unica agenzia.\" \/>\n<meta property=\"og:url\" content=\"https:\/\/bertakomm.ch\/it\/angebote\/\" \/>\n<meta property=\"og:site_name\" content=\"BERTAKOMM\" \/>\n<meta property=\"article:modified_time\" content=\"2026-02-02T07:42:55+00:00\" \/>\n<meta property=\"og:image\" content=\"https:\/\/bertakomm.ch\/wp-content\/uploads\/2025\/05\/Wurfelgruppe-Orange-600x315.png\" \/>\n<meta name=\"twitter:card\" content=\"summary_large_image\" \/>\n<meta name=\"twitter:label1\" content=\"Est. reading time\" \/>\n\t<meta name=\"twitter:data1\" content=\"1 minuto\" \/>\n<!-- \/ Yoast SEO Premium plugin. -->","yoast_head_json":{"title":"I nostri servizi | Agenzia di comunicazione BERTAKOMM","description":"Le nostre competenze: consulenza strategica, Public Affairs, pubbliche relazioni, Multimedia, Branding e sviluppo di siti web - tutto in un'unica agenzia.","robots":{"index":"index","follow":"follow","max-snippet":"max-snippet:-1","max-image-preview":"max-image-preview:large","max-video-preview":"max-video-preview:-1"},"canonical":"https:\/\/bertakomm.ch\/it\/angebote\/","og_locale":"it_IT","og_type":"article","og_title":"Servizi","og_description":"Le nostre competenze: consulenza strategica, Public Affairs, pubbliche relazioni, Multimedia, Branding e sviluppo di siti web - tutto in un'unica agenzia.","og_url":"https:\/\/bertakomm.ch\/it\/angebote\/","og_site_name":"BERTAKOMM","article_modified_time":"2026-02-02T07:42:55+00:00","og_image":[{"url":"https:\/\/bertakomm.ch\/wp-content\/uploads\/2025\/05\/Wurfelgruppe-Orange-600x315.png","type":"","width":"","height":""}],"twitter_card":"summary_large_image","twitter_misc":{"Est. reading time":"1 minuto"},"schema":{"@context":"https:\/\/schema.org","@graph":[{"@type":"WebPage","@id":"https:\/\/bertakomm.ch\/it\/angebote\/","url":"https:\/\/bertakomm.ch\/it\/angebote\/","name":"I nostri servizi | Agenzia di comunicazione BERTAKOMM","isPartOf":{"@id":"https:\/\/bertakomm.ch\/#website"},"datePublished":"2025-02-24T11:11:02+00:00","dateModified":"2026-02-02T07:42:55+00:00","description":"Le nostre competenze: consulenza strategica, Public Affairs, pubbliche relazioni, Multimedia, Branding e sviluppo di siti web - tutto in un'unica agenzia.","breadcrumb":{"@id":"https:\/\/bertakomm.ch\/it\/angebote\/#breadcrumb"},"inLanguage":"it-IT","potentialAction":[{"@type":"ReadAction","target":["https:\/\/bertakomm.ch\/it\/angebote\/"]}]},{"@type":"BreadcrumbList","@id":"https:\/\/bertakomm.ch\/it\/angebote\/#breadcrumb","itemListElement":[{"@type":"ListItem","position":1,"name":"Home","item":"https:\/\/bertakomm.ch\/it\/"},{"@type":"ListItem","position":2,"name":"Servizi"}]},{"@type":"WebSite","@id":"https:\/\/bertakomm.ch\/#website","url":"https:\/\/bertakomm.ch\/","name":"BERTAKOMM","description":"Strategisch. Kreativ. Auf den Punkt.","publisher":{"@id":"https:\/\/bertakomm.ch\/#organization"},"potentialAction":[{"@type":"SearchAction","target":{"@type":"EntryPoint","urlTemplate":"https:\/\/bertakomm.ch\/?s={search_term_string}"},"query-input":{"@type":"PropertyValueSpecification","valueRequired":true,"valueName":"search_term_string"}}],"inLanguage":"it-IT"},{"@type":"Organization","@id":"https:\/\/bertakomm.ch\/#organization","name":"BERTAKOMM","url":"https:\/\/bertakomm.ch\/","logo":{"@type":"ImageObject","inLanguage":"it-IT","@id":"https:\/\/bertakomm.ch\/#\/schema\/logo\/image\/","url":"","contentUrl":"","caption":"BERTAKOMM"},"image":{"@id":"https:\/\/bertakomm.ch\/#\/schema\/logo\/image\/"},"sameAs":["https:\/\/www.instagram.com\/bertakomm\/","https:\/\/www.linkedin.com\/company\/bertakomm"],"description":"BERTAKOMM beherrscht die gesamte Klaviatur anspruchsvoller Kommunikation und bietet L\u00f6sungen aus einer Hand. Mit rund 40 Mitarbeitenden an Standorten in der ganzen Schweiz \u00fcbersetzen wir komplexe Inhalte in verst\u00e4ndliche Kommunikation \u2013 von der ersten Idee bis zur aussagekr\u00e4ftigen Visualisierung, von der konzisen Strategie bis zur reibungslosen Umsetzung.","email":"gruezi@bertakomm.ch","telephone":"+41445204080","legalName":"BERTA KOMM","foundingDate":"2025-01-01","numberOfEmployees":{"@type":"QuantitativeValue","minValue":"51","maxValue":"200"}}]}},"_links":{"self":[{"href":"https:\/\/bertakomm.ch\/it\/wp-json\/wp\/v2\/pages\/5969","targetHints":{"allow":["GET"]}}],"collection":[{"href":"https:\/\/bertakomm.ch\/it\/wp-json\/wp\/v2\/pages"}],"about":[{"href":"https:\/\/bertakomm.ch\/it\/wp-json\/wp\/v2\/types\/page"}],"author":[{"embeddable":true,"href":"https:\/\/bertakomm.ch\/it\/wp-json\/wp\/v2\/users\/1"}],"replies":[{"embeddable":true,"href":"https:\/\/bertakomm.ch\/it\/wp-json\/wp\/v2\/comments?post=5969"}],"version-history":[{"count":6,"href":"https:\/\/bertakomm.ch\/it\/wp-json\/wp\/v2\/pages\/5969\/revisions"}],"predecessor-version":[{"id":8138,"href":"https:\/\/bertakomm.ch\/it\/wp-json\/wp\/v2\/pages\/5969\/revisions\/8138"}],"wp:attachment":[{"href":"https:\/\/bertakomm.ch\/it\/wp-json\/wp\/v2\/media?parent=5969"}],"curies":[{"name":"wp","href":"https:\/\/api.w.org\/{rel}","templated":true}]}}