{"id":5955,"date":"2025-02-25T10:23:10","date_gmt":"2025-02-25T09:23:10","guid":{"rendered":"https:\/\/dev.bertakomm-v3.berta-bewegt.ch\/impressum\/"},"modified":"2026-01-10T13:07:38","modified_gmt":"2026-01-10T12:07:38","slug":"impressum","status":"publish","type":"page","link":"https:\/\/bertakomm.ch\/it\/impressum\/","title":{"rendered":"Note legali"},"content":{"rendered":"\n            <section class=\"text-2-cols-with-bottom-border-block block-margins scrollMagic-square-bg-el-trigger\" id=\"\" data-uid=\"69e4a4dbd6338\">\n            <div class=\"text-2-cols-with-bottom-border-block-inner-container\">\n                \n                <div class=\"block-cards\">\n                                            <div class=\"block-card \">\n                            <div class=\"block-card-inner-wrapper block-card-border-full-w-mob\">\n                                                                                                            <h3 class=\"medium-4 text-orange mb_0\">Operatore del sito web<\/h3>\n                                                                    \n                                                                    <div class=\"medium-text-wrapper default-text-wrapper\">\n                                        <p>Berta Kommunikationsplan AG<br \/>\nJosefstrasse 212<br \/>\n8005 Z\u00fcrich<\/p>\n                                    <\/div>\n                                                            <\/div>\n                        <\/div>\n                                            <div class=\"block-card \">\n                            <div class=\"block-card-inner-wrapper block-card-border-full-w-mob\">\n                                                                                                            <h3 class=\"medium-4 text-orange mb_0\">Hosting<\/h3>\n                                                                    \n                                                                    <div class=\"medium-text-wrapper default-text-wrapper\">\n                                        <p>cyon GmbH<br \/>\nAeschengraben 6<br \/>\nCH-4051 Basel<br \/>\n<a href=\"https:\/\/www.cyon.ch\/\" target=\"_blank\" rel=\"noopener\">www.cyon.ch<\/a><\/p>\n                                    <\/div>\n                                                            <\/div>\n                        <\/div>\n                                    <\/div>\n            <\/div>\n        <\/section>\n    \n\n\n\n","protected":false},"excerpt":{"rendered":"","protected":false},"author":1,"featured_media":0,"parent":0,"menu_order":0,"comment_status":"closed","ping_status":"closed","template":"","meta":{"_acf_changed":false,"inline_featured_image":false,"footnotes":""},"class_list":["post-5955","page","type-page","status-publish","hentry"],"acf":[],"yoast_head":"<!-- This site is optimized with the Yoast SEO Premium plugin v27.2 (Yoast SEO v27.2) - https:\/\/yoast.com\/product\/yoast-seo-premium-wordpress\/ -->\n<title>Note legali - BERTAKOMM<\/title>\n<meta name=\"description\" content=\"Impressum - BERTAKOMM\" \/>\n<meta name=\"robots\" content=\"index, follow, max-snippet:-1, max-image-preview:large, max-video-preview:-1\" \/>\n<link rel=\"canonical\" href=\"https:\/\/bertakomm.ch\/it\/impressum\/\" \/>\n<meta property=\"og:locale\" content=\"it_IT\" \/>\n<meta property=\"og:type\" content=\"article\" \/>\n<meta property=\"og:title\" content=\"Note legali\" \/>\n<meta property=\"og:description\" content=\"Impressum - BERTAKOMM\" \/>\n<meta property=\"og:url\" content=\"https:\/\/bertakomm.ch\/it\/impressum\/\" \/>\n<meta property=\"og:site_name\" content=\"BERTAKOMM\" \/>\n<meta property=\"article:modified_time\" content=\"2026-01-10T12:07:38+00:00\" \/>\n<meta name=\"twitter:card\" content=\"summary_large_image\" \/>\n<meta name=\"twitter:label1\" content=\"Est. reading time\" \/>\n\t<meta name=\"twitter:data1\" content=\"1 minuto\" \/>\n<!-- \/ Yoast SEO Premium plugin. -->","yoast_head_json":{"title":"Note legali - BERTAKOMM","description":"Impressum - BERTAKOMM","robots":{"index":"index","follow":"follow","max-snippet":"max-snippet:-1","max-image-preview":"max-image-preview:large","max-video-preview":"max-video-preview:-1"},"canonical":"https:\/\/bertakomm.ch\/it\/impressum\/","og_locale":"it_IT","og_type":"article","og_title":"Note legali","og_description":"Impressum - BERTAKOMM","og_url":"https:\/\/bertakomm.ch\/it\/impressum\/","og_site_name":"BERTAKOMM","article_modified_time":"2026-01-10T12:07:38+00:00","twitter_card":"summary_large_image","twitter_misc":{"Est. reading time":"1 minuto"},"schema":{"@context":"https:\/\/schema.org","@graph":[{"@type":"WebPage","@id":"https:\/\/bertakomm.ch\/it\/impressum\/","url":"https:\/\/bertakomm.ch\/it\/impressum\/","name":"Note legali - BERTAKOMM","isPartOf":{"@id":"https:\/\/bertakomm.ch\/#website"},"datePublished":"2025-02-25T09:23:10+00:00","dateModified":"2026-01-10T12:07:38+00:00","description":"Impressum - BERTAKOMM","breadcrumb":{"@id":"https:\/\/bertakomm.ch\/it\/impressum\/#breadcrumb"},"inLanguage":"it-IT","potentialAction":[{"@type":"ReadAction","target":["https:\/\/bertakomm.ch\/it\/impressum\/"]}]},{"@type":"BreadcrumbList","@id":"https:\/\/bertakomm.ch\/it\/impressum\/#breadcrumb","itemListElement":[{"@type":"ListItem","position":1,"name":"Home","item":"https:\/\/bertakomm.ch\/it\/"},{"@type":"ListItem","position":2,"name":"Note legali"}]},{"@type":"WebSite","@id":"https:\/\/bertakomm.ch\/#website","url":"https:\/\/bertakomm.ch\/","name":"BERTAKOMM","description":"Strategisch. Kreativ. Auf den Punkt.","publisher":{"@id":"https:\/\/bertakomm.ch\/#organization"},"potentialAction":[{"@type":"SearchAction","target":{"@type":"EntryPoint","urlTemplate":"https:\/\/bertakomm.ch\/?s={search_term_string}"},"query-input":{"@type":"PropertyValueSpecification","valueRequired":true,"valueName":"search_term_string"}}],"inLanguage":"it-IT"},{"@type":"Organization","@id":"https:\/\/bertakomm.ch\/#organization","name":"BERTAKOMM","url":"https:\/\/bertakomm.ch\/","logo":{"@type":"ImageObject","inLanguage":"it-IT","@id":"https:\/\/bertakomm.ch\/#\/schema\/logo\/image\/","url":"","contentUrl":"","caption":"BERTAKOMM"},"image":{"@id":"https:\/\/bertakomm.ch\/#\/schema\/logo\/image\/"},"sameAs":["https:\/\/www.instagram.com\/bertakomm\/","https:\/\/www.linkedin.com\/company\/bertakomm"],"description":"BERTAKOMM beherrscht die gesamte Klaviatur anspruchsvoller Kommunikation und bietet L\u00f6sungen aus einer Hand. Mit rund 40 Mitarbeitenden an Standorten in der ganzen Schweiz \u00fcbersetzen wir komplexe Inhalte in verst\u00e4ndliche Kommunikation \u2013 von der ersten Idee bis zur aussagekr\u00e4ftigen Visualisierung, von der konzisen Strategie bis zur reibungslosen Umsetzung.","email":"gruezi@bertakomm.ch","telephone":"+41445204080","legalName":"BERTA KOMM","foundingDate":"2025-01-01","numberOfEmployees":{"@type":"QuantitativeValue","minValue":"51","maxValue":"200"}}]}},"_links":{"self":[{"href":"https:\/\/bertakomm.ch\/it\/wp-json\/wp\/v2\/pages\/5955","targetHints":{"allow":["GET"]}}],"collection":[{"href":"https:\/\/bertakomm.ch\/it\/wp-json\/wp\/v2\/pages"}],"about":[{"href":"https:\/\/bertakomm.ch\/it\/wp-json\/wp\/v2\/types\/page"}],"author":[{"embeddable":true,"href":"https:\/\/bertakomm.ch\/it\/wp-json\/wp\/v2\/users\/1"}],"replies":[{"embeddable":true,"href":"https:\/\/bertakomm.ch\/it\/wp-json\/wp\/v2\/comments?post=5955"}],"version-history":[{"count":1,"href":"https:\/\/bertakomm.ch\/it\/wp-json\/wp\/v2\/pages\/5955\/revisions"}],"predecessor-version":[{"id":7650,"href":"https:\/\/bertakomm.ch\/it\/wp-json\/wp\/v2\/pages\/5955\/revisions\/7650"}],"wp:attachment":[{"href":"https:\/\/bertakomm.ch\/it\/wp-json\/wp\/v2\/media?parent=5955"}],"curies":[{"name":"wp","href":"https:\/\/api.w.org\/{rel}","templated":true}]}}