{"id":5949,"date":"2025-02-28T10:30:01","date_gmt":"2025-02-28T09:30:01","guid":{"rendered":"https:\/\/dev.bertakomm-v3.berta-bewegt.ch\/kontakt\/"},"modified":"2026-01-12T15:31:23","modified_gmt":"2026-01-12T14:31:23","slug":"kontakt","status":"publish","type":"page","link":"https:\/\/bertakomm.ch\/it\/kontakt\/","title":{"rendered":"Contatto"},"content":{"rendered":"\n    <section class=\"standorte-block block-paddings scrollMagic-square-bg-el-trigger\" id=\"\" data-uid=\"69e4a0704ac62\">\n        <div class=\"standorte-block-inner-container\">\n            <h2 class=\"mb_0\">Come contattarci<\/h2>\n            <div class=\"title-divider\"><\/div>\n\n                            <div class=\"firma-kontakt-part\">\n                                            <div class=\"firma-kontakt-wrapper\">\n                            <a href=\"tel:044 508 84 84\" class=\"main-button-border\">044 508 84 84<\/a>\n                        <\/div>\n                    \n                                            <div class=\"firma-kontakt-wrapper\">\n                            <a href=\"mailto:gr\u00fcezi@bertakomm.ch\" class=\"main-button-border\">gr\u00fcezi@bertakomm.ch<\/a>\n                        <\/div>\n                                    <\/div>\n            \n                                                \n                                            <div class=\"standorte-land-wrapper\">\n                            <h3 class=\"standorte-title mb_0\">Svizzera<\/h3>\n                            <div class=\"country-divider\"><\/div>\n\n                                                            <div class=\"standorte-hauptburo-wrapper\">\n                                                                            <div class=\"standorte-card\">\n                                            <div class=\"standorte-card-inner-wrapper\">\n                                                <h3 class=\"text-orange medium-2 mb_0\">Sede di Zurigo<\/h3>\n\n                                                                                                    <div class=\"small-text-wrapper default-text-wrapper medium-text-wrapper-v2\">\n                                                        <p>Josefstrasse 212\u2028<br \/>\n8005 Z\u00fcrich<\/p>\n                                                    <\/div>\n                                                                                            <\/div>\n                                        <\/div>\n                                                                            <div class=\"standorte-card\">\n                                            <div class=\"standorte-card-inner-wrapper\">\n                                                <h3 class=\"text-orange medium-2 mb_0\">Sede di Berna<\/h3>\n\n                                                                                                    <div class=\"small-text-wrapper default-text-wrapper medium-text-wrapper-v2\">\n                                                        <p>Aarbergergasse 46\u2028<br \/>\n3011 Bern<\/p>\n                                                    <\/div>\n                                                                                            <\/div>\n                                        <\/div>\n                                                                    <\/div>\n                            \n                                                            <div class=\"standorte-small-wrapper\">\n                                                                            <div class=\"standorte-card\">\n                                            <div class=\"standorte-card-inner-wrapper\">\n                                                <h3 class=\"small mb_0\">Sede di Basilea<\/h3>\n\n                                                                                                    <div class=\"small-text-wrapper default-text-wrapper medium-text-wrapper-v2\">\n                                                        <p>St. Alban-Rheinweg 74<br \/>\n4052 Basel<\/p>\n                                                    <\/div>\n                                                                                            <\/div>\n                                        <\/div>\n                                                                            <div class=\"standorte-card\">\n                                            <div class=\"standorte-card-inner-wrapper\">\n                                                <h3 class=\"small mb_0\">Sede di San Gallo<\/h3>\n\n                                                                                                    <div class=\"small-text-wrapper default-text-wrapper medium-text-wrapper-v2\">\n                                                        <p>Rosenbergstrasse 85\u2028<br \/>\n9000 San Gallo<\/p>\n                                                    <\/div>\n                                                                                            <\/div>\n                                        <\/div>\n                                                                            <div class=\"standorte-card\">\n                                            <div class=\"standorte-card-inner-wrapper\">\n                                                <h3 class=\"small mb_0\">Sede di Mendrisio<\/h3>\n\n                                                                                                    <div class=\"small-text-wrapper default-text-wrapper medium-text-wrapper-v2\">\n                                                        <p>Via Giuseppe Andreoni 20\u2028<br \/>\n6850 Mendrisio<\/p>\n                                                    <\/div>\n                                                                                            <\/div>\n                                        <\/div>\n                                                                            <div class=\"standorte-card\">\n                                            <div class=\"standorte-card-inner-wrapper\">\n                                                <h3 class=\"small mb_0\">Sede di Losanna<\/h3>\n\n                                                                                                    <div class=\"small-text-wrapper default-text-wrapper medium-text-wrapper-v2\">\n                                                        <p>Avenue de Senal\u00e8che 41<br \/>\n1009 Pully<\/p>\n                                                    <\/div>\n                                                                                            <\/div>\n                                        <\/div>\n                                                                    <\/div>\n                                                    <\/div>\n                                                        \n                                            <div class=\"standorte-land-wrapper\">\n                            <h3 class=\"standorte-title mb_0\">Austria<\/h3>\n                            <div class=\"country-divider\"><\/div>\n\n                            \n                                                            <div class=\"standorte-small-wrapper\">\n                                                                            <div class=\"standorte-card\">\n                                            <div class=\"standorte-card-inner-wrapper\">\n                                                <h3 class=\"small mb_0\">Sede di Vienna<\/h3>\n\n                                                                                                    <div class=\"small-text-wrapper default-text-wrapper medium-text-wrapper-v2\">\n                                                        <p>Berta Kommunikationsplan AG<br \/>\nPostgasse 8b<br \/>\n1010 Wien<\/p>\n                                                    <\/div>\n                                                                                            <\/div>\n                                        <\/div>\n                                                                    <\/div>\n                                                    <\/div>\n                                                        <\/div>\n\n            <\/section>\n\n\n\n\n\n\n\n    <section class=\"images-slider-block block-margins scrollMagic-square-bg-el-trigger\" id=\"\" data-uid=\"69e4a070576ec\">\n        \n                    <div class=\"images-as-block\">\n                                                            <div class=\"image-inner-container\">\n                            <div class=\"image-wrapper image-wrapper-left\" style=\"background-image: url('https:\/\/bertakomm.ch\/wp-content\/uploads\/2025\/12\/DSC09373-scaled.jpg')\">\n                                <img decoding=\"async\" src=\"https:\/\/bertakomm.ch\/wp-content\/themes\/bertakomm_new\/assets\/images\/placeholder_square.png\" alt=\"Placeholder\" \/>\n                            <\/div>\n                        <\/div>\n                                                                                <div class=\"image-inner-container\">\n                            <div class=\"image-wrapper image-wrapper-right\" style=\"background-image: url('https:\/\/bertakomm.ch\/wp-content\/uploads\/2025\/12\/office_bern-4-scaled.jpg')\">\n                                <img decoding=\"async\" src=\"https:\/\/bertakomm.ch\/wp-content\/themes\/bertakomm_new\/assets\/images\/placeholder_square.png\" alt=\"Placeholder\" \/>\n                            <\/div>\n                        <\/div>\n                                                                                <div class=\"image-inner-container\">\n                            <div class=\"image-wrapper image-wrapper-left\" style=\"background-image: url('https:\/\/bertakomm.ch\/wp-content\/uploads\/2025\/12\/P2380929-scaled.jpg')\">\n                                <img decoding=\"async\" src=\"https:\/\/bertakomm.ch\/wp-content\/themes\/bertakomm_new\/assets\/images\/placeholder_square.png\" alt=\"Placeholder\" \/>\n                            <\/div>\n                        <\/div>\n                                                                                <div class=\"image-inner-container\">\n                            <div class=\"image-wrapper image-wrapper-right\" style=\"background-image: url('https:\/\/bertakomm.ch\/wp-content\/uploads\/2025\/12\/PHOTO-2025-09-08-08-54-24.jpg')\">\n                                <img decoding=\"async\" src=\"https:\/\/bertakomm.ch\/wp-content\/themes\/bertakomm_new\/assets\/images\/placeholder_square.png\" alt=\"Placeholder\" \/>\n                            <\/div>\n                        <\/div>\n                                                <\/div>\n            <\/section>\n\n\n\n\n","protected":false},"excerpt":{"rendered":"","protected":false},"author":1,"featured_media":0,"parent":0,"menu_order":0,"comment_status":"closed","ping_status":"closed","template":"","meta":{"_acf_changed":false,"inline_featured_image":false,"footnotes":""},"class_list":["post-5949","page","type-page","status-publish","hentry"],"acf":[],"yoast_head":"<!-- This site is optimized with the Yoast SEO Premium plugin v27.2 (Yoast SEO v27.2) - https:\/\/yoast.com\/product\/yoast-seo-premium-wordpress\/ -->\n<title>Kontaktieren Sie uns \u2013 BERTAKOMM Kommunikationsagentur<\/title>\n<meta name=\"description\" content=\"Sie haben Fragen oder m\u00f6chten mit uns zusammenarbeiten? Nehmen Sie Kontakt auf \u2013 wir freuen uns auf Ihre Nachricht oder Ihren Anruf.\" \/>\n<meta name=\"robots\" content=\"index, follow, max-snippet:-1, max-image-preview:large, max-video-preview:-1\" \/>\n<link rel=\"canonical\" href=\"https:\/\/bertakomm.ch\/it\/kontakt\/\" \/>\n<meta property=\"og:locale\" content=\"it_IT\" \/>\n<meta property=\"og:type\" content=\"article\" \/>\n<meta property=\"og:title\" content=\"Contatto\" \/>\n<meta property=\"og:description\" content=\"Sie haben Fragen oder m\u00f6chten mit uns zusammenarbeiten? Nehmen Sie Kontakt auf \u2013 wir freuen uns auf Ihre Nachricht oder Ihren Anruf.\" \/>\n<meta property=\"og:url\" content=\"https:\/\/bertakomm.ch\/it\/kontakt\/\" \/>\n<meta property=\"og:site_name\" content=\"BERTAKOMM\" \/>\n<meta property=\"article:modified_time\" content=\"2026-01-12T14:31:23+00:00\" \/>\n<meta property=\"og:image\" content=\"https:\/\/bertakomm.ch\/wp-content\/uploads\/2025\/05\/Sprechblase-Orange-600x315.png\" \/>\n<meta name=\"twitter:card\" content=\"summary_large_image\" \/>\n<meta name=\"twitter:label1\" content=\"Est. reading time\" \/>\n\t<meta name=\"twitter:data1\" content=\"1 minuto\" \/>\n<!-- \/ Yoast SEO Premium plugin. -->","yoast_head_json":{"title":"Kontaktieren Sie uns \u2013 BERTAKOMM Kommunikationsagentur","description":"Sie haben Fragen oder m\u00f6chten mit uns zusammenarbeiten? Nehmen Sie Kontakt auf \u2013 wir freuen uns auf Ihre Nachricht oder Ihren Anruf.","robots":{"index":"index","follow":"follow","max-snippet":"max-snippet:-1","max-image-preview":"max-image-preview:large","max-video-preview":"max-video-preview:-1"},"canonical":"https:\/\/bertakomm.ch\/it\/kontakt\/","og_locale":"it_IT","og_type":"article","og_title":"Contatto","og_description":"Sie haben Fragen oder m\u00f6chten mit uns zusammenarbeiten? Nehmen Sie Kontakt auf \u2013 wir freuen uns auf Ihre Nachricht oder Ihren Anruf.","og_url":"https:\/\/bertakomm.ch\/it\/kontakt\/","og_site_name":"BERTAKOMM","article_modified_time":"2026-01-12T14:31:23+00:00","og_image":[{"url":"https:\/\/bertakomm.ch\/wp-content\/uploads\/2025\/05\/Sprechblase-Orange-600x315.png","type":"","width":"","height":""}],"twitter_card":"summary_large_image","twitter_misc":{"Est. reading time":"1 minuto"},"schema":{"@context":"https:\/\/schema.org","@graph":[{"@type":"WebPage","@id":"https:\/\/bertakomm.ch\/it\/kontakt\/","url":"https:\/\/bertakomm.ch\/it\/kontakt\/","name":"Kontaktieren Sie uns \u2013 BERTAKOMM Kommunikationsagentur","isPartOf":{"@id":"https:\/\/bertakomm.ch\/#website"},"datePublished":"2025-02-28T09:30:01+00:00","dateModified":"2026-01-12T14:31:23+00:00","description":"Sie haben Fragen oder m\u00f6chten mit uns zusammenarbeiten? Nehmen Sie Kontakt auf \u2013 wir freuen uns auf Ihre Nachricht oder Ihren Anruf.","breadcrumb":{"@id":"https:\/\/bertakomm.ch\/it\/kontakt\/#breadcrumb"},"inLanguage":"it-IT","potentialAction":[{"@type":"ReadAction","target":["https:\/\/bertakomm.ch\/it\/kontakt\/"]}]},{"@type":"BreadcrumbList","@id":"https:\/\/bertakomm.ch\/it\/kontakt\/#breadcrumb","itemListElement":[{"@type":"ListItem","position":1,"name":"Home","item":"https:\/\/bertakomm.ch\/it\/"},{"@type":"ListItem","position":2,"name":"Contatto"}]},{"@type":"WebSite","@id":"https:\/\/bertakomm.ch\/#website","url":"https:\/\/bertakomm.ch\/","name":"BERTAKOMM","description":"Strategisch. Kreativ. Auf den Punkt.","publisher":{"@id":"https:\/\/bertakomm.ch\/#organization"},"potentialAction":[{"@type":"SearchAction","target":{"@type":"EntryPoint","urlTemplate":"https:\/\/bertakomm.ch\/?s={search_term_string}"},"query-input":{"@type":"PropertyValueSpecification","valueRequired":true,"valueName":"search_term_string"}}],"inLanguage":"it-IT"},{"@type":"Organization","@id":"https:\/\/bertakomm.ch\/#organization","name":"BERTAKOMM","url":"https:\/\/bertakomm.ch\/","logo":{"@type":"ImageObject","inLanguage":"it-IT","@id":"https:\/\/bertakomm.ch\/#\/schema\/logo\/image\/","url":"","contentUrl":"","caption":"BERTAKOMM"},"image":{"@id":"https:\/\/bertakomm.ch\/#\/schema\/logo\/image\/"},"sameAs":["https:\/\/www.instagram.com\/bertakomm\/","https:\/\/www.linkedin.com\/company\/bertakomm"],"description":"BERTAKOMM beherrscht die gesamte Klaviatur anspruchsvoller Kommunikation und bietet L\u00f6sungen aus einer Hand. Mit rund 40 Mitarbeitenden an Standorten in der ganzen Schweiz \u00fcbersetzen wir komplexe Inhalte in verst\u00e4ndliche Kommunikation \u2013 von der ersten Idee bis zur aussagekr\u00e4ftigen Visualisierung, von der konzisen Strategie bis zur reibungslosen Umsetzung.","email":"gruezi@bertakomm.ch","telephone":"+41445204080","legalName":"BERTA KOMM","foundingDate":"2025-01-01","numberOfEmployees":{"@type":"QuantitativeValue","minValue":"51","maxValue":"200"}}]}},"_links":{"self":[{"href":"https:\/\/bertakomm.ch\/it\/wp-json\/wp\/v2\/pages\/5949","targetHints":{"allow":["GET"]}}],"collection":[{"href":"https:\/\/bertakomm.ch\/it\/wp-json\/wp\/v2\/pages"}],"about":[{"href":"https:\/\/bertakomm.ch\/it\/wp-json\/wp\/v2\/types\/page"}],"author":[{"embeddable":true,"href":"https:\/\/bertakomm.ch\/it\/wp-json\/wp\/v2\/users\/1"}],"replies":[{"embeddable":true,"href":"https:\/\/bertakomm.ch\/it\/wp-json\/wp\/v2\/comments?post=5949"}],"version-history":[{"count":18,"href":"https:\/\/bertakomm.ch\/it\/wp-json\/wp\/v2\/pages\/5949\/revisions"}],"predecessor-version":[{"id":7902,"href":"https:\/\/bertakomm.ch\/it\/wp-json\/wp\/v2\/pages\/5949\/revisions\/7902"}],"wp:attachment":[{"href":"https:\/\/bertakomm.ch\/it\/wp-json\/wp\/v2\/media?parent=5949"}],"curies":[{"name":"wp","href":"https:\/\/api.w.org\/{rel}","templated":true}]}}