{"id":5931,"date":"2025-02-21T11:32:01","date_gmt":"2025-02-21T10:32:01","guid":{"rendered":"https:\/\/dev.bertakomm-v3.berta-bewegt.ch\/startseite\/"},"modified":"2026-01-13T10:06:25","modified_gmt":"2026-01-13T09:06:25","slug":"startseite","status":"publish","type":"page","link":"https:\/\/bertakomm.ch\/it\/","title":{"rendered":"Strategia. Creativit\u00e0. Senza fronzoli."},"content":{"rendered":"\n            <section class=\"flexible-image-block image-full-width-block  image-with-hover scrollMagic-square-bg-el-trigger\" id=\"\" data-uid=\"69e22e36988e0\">\n            <div class=\"image-wrapper\">\n                <div class=\"image-bg\" style=\"background-image: url('https:\/\/bertakomm.ch\/wp-content\/uploads\/2025\/12\/DSC09607-Verbessert-RR-2-scaled.jpg')\"><\/div>\n\n                                    <div class=\"image-filter \"><\/div>\n                \n                                    <img decoding=\"async\" src=\"https:\/\/bertakomm.ch\/wp-content\/themes\/bertakomm_new\/assets\/images\/image_21_9_big.png\" class=\"image-big\" alt=\"Format\" \/>\n                    <img decoding=\"async\" src=\"https:\/\/bertakomm.ch\/wp-content\/themes\/bertakomm_new\/assets\/images\/image_text.png\" class=\"image-desk\" alt=\"Format\" \/>\n                    <img decoding=\"async\" src=\"https:\/\/bertakomm.ch\/wp-content\/themes\/bertakomm_new\/assets\/images\/image_9_16.png\" class=\"image-mob\" alt=\"Format\" \/>\n                            <\/div>\n\n                            <div class=\"image-text-wrapper \">\n                                            <h2 class=\"text-white \">Per un maggiore impatto<\/h2>\n                    \n                                            <div class=\"default-text-wrapper-white-with-orange-strong lead-text-wrapper\">\n                            <p>BERTAKOMM copre l\u2019intero spettro della comunicazione e offre soluzioni complete. Con circa 40 collaboratori e collaboratrici presenti in tutta la Svizzera, trasformiamo contenuti complessi in messaggi chiari \u2013 dalla prima idea a una visualizzazione efficace, dalla strategia mirata a un\u2019implementazione senza intoppi.<\/p>\n                        <\/div>\n                                    <\/div>\n                    <\/section>\n    \n\n\n\n\n\n\n            <section class=\"custom-video-loop-block scrollMagic-square-bg-el-trigger\" id=\"\" data-uid=\"69e22e3699185\">\n            <div class=\"video-blocks\">\n                <div class=\"video-block\">\n                    <div class=\"video-inner-container\">\n                        \n                                                    <video playsinline autoplay loop muted class=\"custom-video-loop-m\" id=\"video-id-69e22e369917f\">\n                                                                    <source src=\"https:\/\/bertakomm.ch\/wp-content\/uploads\/2026\/01\/bk_web_loop_swiss-food_9x16-1.mp4\" type=\"video\/webm\">\n                                                                                                    <source src=\"https:\/\/bertakomm.ch\/wp-content\/uploads\/2026\/01\/bk_web_loop_swiss-food_9x16-1.mov\" type=\"video\/mp4\">\n                                                            <\/video>\n                                            <\/div>\n                <\/div>\n            <\/div>\n        <\/section>\n    \n\n\n\n\n\n    <section class=\"title-cards-list-button-block block-paddings scrollMagic-square-bg-el-trigger\" id=\"\" data-uid=\"69e22e369afa5\">\n        <div class=\"black-bg\"><\/div>\n\n        <div class=\"title-cards-list-button-block-inner-container\">\n                            <h2 class=\"medium-big mb_0 text-white\">SERVIZI<\/h2>\n                <div class=\"title-divider\"><\/div>\n            \n                            <div class=\"default-text-wrapper-white-with-orange-strong lead-text-wrapper-v3\">\n                    <p>Lavoriamo all&#8217;intersezione tra <strong>economia, societ\u00e0 e politica<\/strong>. Con chiarezza, rapidit\u00e0 e sempre focalizzati su ci\u00f2 che \u00e8 essenziale.<\/p>\n                <\/div>\n            \n                            <div class=\"more-button-wrapper\">\n                    <a href=\"https:\/\/bertakomm.ch\/it\/angebote\/\" class=\"main-button-white\">Scoprire di pi\u00f9<\/a>\n                <\/div>\n                    <\/div>\n\n                    <div class=\"block-icon-wrapper\">\n                <img decoding=\"async\" src=\"https:\/\/bertakomm.ch\/wp-content\/uploads\/2025\/12\/20251127_bundeshaus_weiss_animation_ile01.gif\" class=\"block-icon\" alt=\"SERVIZI\" \/>\n            <\/div>\n            <\/section>\n\n\n\n\n\n\n\n            <section class=\"custom-video-loop-block scrollMagic-square-bg-el-trigger\" id=\"\" data-uid=\"69e22e369b31e\">\n            <div class=\"video-blocks\">\n                <div class=\"video-block\">\n                    <div class=\"video-inner-container\">\n                        \n                                                    <video playsinline autoplay loop muted class=\"custom-video-loop-m\" id=\"video-id-69e22e369b319\">\n                                                                    <source src=\"https:\/\/bertakomm.ch\/wp-content\/uploads\/2026\/01\/bk_web_loop_avenergy_branchentag_9x16-1.mp4\" type=\"video\/webm\">\n                                                                                                    <source src=\"https:\/\/bertakomm.ch\/wp-content\/uploads\/2026\/01\/bk_web_loop_avenergy_branchentag_9x16-1.mov\" type=\"video\/mp4\">\n                                                            <\/video>\n                                            <\/div>\n                <\/div>\n            <\/div>\n        <\/section>\n    \n\n\n\n\n\n    <section class=\"title-cards-list-button-block block-paddings scrollMagic-square-bg-el-trigger\" id=\"\" data-uid=\"69e22e369cc4c\">\n        <div class=\"white-bg\"><\/div>\n\n        <div class=\"title-cards-list-button-block-inner-container\">\n                            <h2 class=\"medium-big mb_0 \">CLIENTI<\/h2>\n                <div class=\"title-divider\"><\/div>\n            \n                            <div class=\"default-text-wrapper-black-with-orange-strong lead-text-wrapper-v3\">\n                    <p>I nostri clienti cercano <strong>consulenza personalizzata e affidabilit\u00e0<\/strong>. Noi ascoltiamo e realizziamo sempre ci\u00f2 che promettiamo.<\/p>\n                <\/div>\n            \n                            <div class=\"more-button-wrapper\">\n                    <a href=\"https:\/\/bertakomm.ch\/it\/kunden\/\" class=\"main-button\">Scoprire di pi\u00f9<\/a>\n                <\/div>\n                    <\/div>\n\n                    <div class=\"block-icon-wrapper\">\n                <img decoding=\"async\" src=\"https:\/\/bertakomm.ch\/wp-content\/uploads\/2025\/12\/animation-gruppe_1.gif\" class=\"block-icon\" alt=\"CLIENTI\" \/>\n            <\/div>\n            <\/section>\n\n\n\n\n\n\n\n    <section class=\"team-intro-block block-margins scrollMagic-square-bg-el-trigger\" id=\"\" data-uid=\"69e22e369ea92\">\n        <div class=\"loading-fade loading-fade-block\">\n            <div class=\"lds-dual-ring\"><\/div>\n        <\/div>\n\n        <div class=\"team-block-inner-container\">\n            <h2 class=\"medium-big mb_0\">TEAM<\/h2>\n            <div class=\"title-divider\"><\/div>\n\n            <div class=\"team-cards\"><\/div>\n\n                            <div class=\"load-more-button-wrapper\">\n                                            <a href=\"https:\/\/bertakomm.ch\/it\/team\/\" class=\"main-button\">Incontra il team<\/a>\n                                    <\/div>\n                    <\/div>\n    <\/section>\n\n    \n\n\n\n\n    <section class=\"title-cards-list-button-block block-paddings scrollMagic-square-bg-el-trigger\" id=\"\" data-uid=\"69e22e369fa22\">\n        <div class=\"white-bg\"><\/div>\n\n        <div class=\"title-cards-list-button-block-inner-container\">\n                            <h2 class=\"medium-big mb_0 \">Vuoi unirti al nostro team?<\/h2>\n                <div class=\"title-divider\"><\/div>\n            \n            \n                            <div class=\"more-button-wrapper\">\n                    <a href=\"https:\/\/bertakomm.ch\/it\/karriere\/\" class=\"main-button\">Per saperne di pi\u00f9<\/a>\n                <\/div>\n                    <\/div>\n\n                    <div class=\"block-icon-wrapper\">\n                <img decoding=\"async\" src=\"https:\/\/bertakomm.ch\/wp-content\/uploads\/2025\/11\/20250403_Aktentasche_origami_weiss-1.svg\" class=\"block-icon\" alt=\"Vuoi unirti al nostro team?\" \/>\n            <\/div>\n            <\/section>\n\n\n\n\n","protected":false},"excerpt":{"rendered":"","protected":false},"author":1,"featured_media":6133,"parent":0,"menu_order":0,"comment_status":"closed","ping_status":"closed","template":"","meta":{"_acf_changed":false,"inline_featured_image":false,"footnotes":""},"class_list":["post-5931","page","type-page","status-publish","has-post-thumbnail","hentry"],"acf":[],"yoast_head":"<!-- This site is optimized with the Yoast SEO Premium plugin v27.2 (Yoast SEO v27.2) - https:\/\/yoast.com\/product\/yoast-seo-premium-wordpress\/ -->\n<title>BERTAKOMM | Agenzia di comunicazione full service<\/title>\n<meta name=\"description\" content=\"BERTAKOMM offre servizi di comunicazione per aziende, associazioni, fondazioni e il settore pubblico.\" \/>\n<meta name=\"robots\" content=\"index, follow, max-snippet:-1, max-image-preview:large, max-video-preview:-1\" \/>\n<link rel=\"canonical\" href=\"https:\/\/bertakomm.ch\/it\/\" \/>\n<meta property=\"og:locale\" content=\"it_IT\" \/>\n<meta property=\"og:type\" content=\"article\" \/>\n<meta property=\"og:title\" content=\"Strategia. Creativit\u00e0. Senza fronzoli.\" \/>\n<meta property=\"og:description\" content=\"BERTAKOMM offre servizi di comunicazione per aziende, associazioni, fondazioni e il settore pubblico.\" \/>\n<meta property=\"og:url\" content=\"https:\/\/bertakomm.ch\/it\/\" \/>\n<meta property=\"og:site_name\" content=\"BERTAKOMM\" \/>\n<meta property=\"article:modified_time\" content=\"2026-01-13T09:06:25+00:00\" \/>\n<meta property=\"og:image\" content=\"https:\/\/bertakomm.ch\/wp-content\/uploads\/2025\/06\/main_og_image-600x315.png\" \/>\n<meta name=\"twitter:card\" content=\"summary_large_image\" \/>\n<meta name=\"twitter:label1\" content=\"Est. reading time\" \/>\n\t<meta name=\"twitter:data1\" content=\"1 minuto\" \/>\n<!-- \/ Yoast SEO Premium plugin. -->","yoast_head_json":{"title":"BERTAKOMM | Agenzia di comunicazione full service","description":"BERTAKOMM offre servizi di comunicazione per aziende, associazioni, fondazioni e il settore pubblico.","robots":{"index":"index","follow":"follow","max-snippet":"max-snippet:-1","max-image-preview":"max-image-preview:large","max-video-preview":"max-video-preview:-1"},"canonical":"https:\/\/bertakomm.ch\/it\/","og_locale":"it_IT","og_type":"article","og_title":"Strategia. Creativit\u00e0. Senza fronzoli.","og_description":"BERTAKOMM offre servizi di comunicazione per aziende, associazioni, fondazioni e il settore pubblico.","og_url":"https:\/\/bertakomm.ch\/it\/","og_site_name":"BERTAKOMM","article_modified_time":"2026-01-13T09:06:25+00:00","og_image":[{"url":"https:\/\/bertakomm.ch\/wp-content\/uploads\/2025\/06\/main_og_image-600x315.png","type":"","width":"","height":""}],"twitter_card":"summary_large_image","twitter_misc":{"Est. reading time":"1 minuto"},"schema":{"@context":"https:\/\/schema.org","@graph":[{"@type":"WebPage","@id":"https:\/\/bertakomm.ch\/it\/","url":"https:\/\/bertakomm.ch\/it\/","name":"BERTAKOMM | Agenzia di comunicazione full service","isPartOf":{"@id":"https:\/\/bertakomm.ch\/#website"},"primaryImageOfPage":{"@id":"https:\/\/bertakomm.ch\/it\/#primaryimage"},"image":{"@id":"https:\/\/bertakomm.ch\/it\/#primaryimage"},"thumbnailUrl":"https:\/\/bertakomm.ch\/wp-content\/uploads\/2026\/01\/cover-DE-1.png","datePublished":"2025-02-21T10:32:01+00:00","dateModified":"2026-01-13T09:06:25+00:00","description":"BERTAKOMM offre servizi di comunicazione per aziende, associazioni, fondazioni e il settore pubblico.","breadcrumb":{"@id":"https:\/\/bertakomm.ch\/it\/#breadcrumb"},"inLanguage":"it-IT","potentialAction":[{"@type":"ReadAction","target":["https:\/\/bertakomm.ch\/it\/"]}]},{"@type":"ImageObject","inLanguage":"it-IT","@id":"https:\/\/bertakomm.ch\/it\/#primaryimage","url":"https:\/\/bertakomm.ch\/wp-content\/uploads\/2026\/01\/cover-DE-1.png","contentUrl":"https:\/\/bertakomm.ch\/wp-content\/uploads\/2026\/01\/cover-DE-1.png","width":935,"height":515},{"@type":"BreadcrumbList","@id":"https:\/\/bertakomm.ch\/it\/#breadcrumb","itemListElement":[{"@type":"ListItem","position":1,"name":"Home","item":"https:\/\/bertakomm.ch\/it\/"},{"@type":"ListItem","position":2,"name":"Strategia. Creativit\u00e0. Senza fronzoli."}]},{"@type":"WebSite","@id":"https:\/\/bertakomm.ch\/#website","url":"https:\/\/bertakomm.ch\/","name":"BERTAKOMM","description":"Strategisch. Kreativ. Auf den Punkt.","publisher":{"@id":"https:\/\/bertakomm.ch\/#organization"},"potentialAction":[{"@type":"SearchAction","target":{"@type":"EntryPoint","urlTemplate":"https:\/\/bertakomm.ch\/?s={search_term_string}"},"query-input":{"@type":"PropertyValueSpecification","valueRequired":true,"valueName":"search_term_string"}}],"inLanguage":"it-IT"},{"@type":"Organization","@id":"https:\/\/bertakomm.ch\/#organization","name":"BERTAKOMM","url":"https:\/\/bertakomm.ch\/","logo":{"@type":"ImageObject","inLanguage":"it-IT","@id":"https:\/\/bertakomm.ch\/#\/schema\/logo\/image\/","url":"","contentUrl":"","caption":"BERTAKOMM"},"image":{"@id":"https:\/\/bertakomm.ch\/#\/schema\/logo\/image\/"},"sameAs":["https:\/\/www.instagram.com\/bertakomm\/","https:\/\/www.linkedin.com\/company\/bertakomm"],"description":"BERTAKOMM beherrscht die gesamte Klaviatur anspruchsvoller Kommunikation und bietet L\u00f6sungen aus einer Hand. Mit rund 40 Mitarbeitenden an Standorten in der ganzen Schweiz \u00fcbersetzen wir komplexe Inhalte in verst\u00e4ndliche Kommunikation \u2013 von der ersten Idee bis zur aussagekr\u00e4ftigen Visualisierung, von der konzisen Strategie bis zur reibungslosen Umsetzung.","email":"gruezi@bertakomm.ch","telephone":"+41445204080","legalName":"BERTA KOMM","foundingDate":"2025-01-01","numberOfEmployees":{"@type":"QuantitativeValue","minValue":"51","maxValue":"200"}}]}},"_links":{"self":[{"href":"https:\/\/bertakomm.ch\/it\/wp-json\/wp\/v2\/pages\/5931","targetHints":{"allow":["GET"]}}],"collection":[{"href":"https:\/\/bertakomm.ch\/it\/wp-json\/wp\/v2\/pages"}],"about":[{"href":"https:\/\/bertakomm.ch\/it\/wp-json\/wp\/v2\/types\/page"}],"author":[{"embeddable":true,"href":"https:\/\/bertakomm.ch\/it\/wp-json\/wp\/v2\/users\/1"}],"replies":[{"embeddable":true,"href":"https:\/\/bertakomm.ch\/it\/wp-json\/wp\/v2\/comments?post=5931"}],"version-history":[{"count":26,"href":"https:\/\/bertakomm.ch\/it\/wp-json\/wp\/v2\/pages\/5931\/revisions"}],"predecessor-version":[{"id":7957,"href":"https:\/\/bertakomm.ch\/it\/wp-json\/wp\/v2\/pages\/5931\/revisions\/7957"}],"wp:featuredmedia":[{"embeddable":true,"href":"https:\/\/bertakomm.ch\/it\/wp-json\/wp\/v2\/media\/6133"}],"wp:attachment":[{"href":"https:\/\/bertakomm.ch\/it\/wp-json\/wp\/v2\/media?parent=5931"}],"curies":[{"name":"wp","href":"https:\/\/api.w.org\/{rel}","templated":true}]}}