{"id":5968,"date":"2025-02-24T12:11:02","date_gmt":"2025-02-24T11:11:02","guid":{"rendered":"https:\/\/dev.bertakomm-v3.berta-bewegt.ch\/angebote\/"},"modified":"2026-02-02T08:41:22","modified_gmt":"2026-02-02T07:41:22","slug":"angebote","status":"publish","type":"page","link":"https:\/\/bertakomm.ch\/fr\/angebote\/","title":{"rendered":"Offre"},"content":{"rendered":"\n            <section class=\"text-narrow-block block-margins scrollMagic-square-bg-el-trigger\" id=\"\" data-uid=\"69e4a4ac5da2f\">\n            <div class=\"text-narrow-block-inner-container\">\n                <div class=\"default-text-wrapper lead-text-wrapper\">\n                    <p data-pm-slice=\"1 1 []\">Analyser, planifier, agir. Nous offrons \u00e0 nos clients s\u00e9curit\u00e9 et clart\u00e9 dans des situations complexes et veillons \u00e0 ce qu\u2019ils soient entendus et compris.<\/p>\n                <\/div>\n\n                            <\/div>\n        <\/section>\n    \n\n\n\n\n\n\n\n            <section class=\"text-icon-border-bottom-block block-margins scrollMagic-square-bg-el-trigger\" id=\"\" data-uid=\"69e4a4ac5e66f\">\n                            <div class=\"block-icon-r\">\n                    <div class=\"block-text-wrapper\">\n                                                    <h2 class=\"medium-big mb_0\">\n                                CONTENU                            <\/h2>\n                        \n                                                    <h3 class=\"medium-big text-regular mb_0\">\n                                Assurer une compr\u00e9hension claire                            <\/h3>\n                        \n                                            <\/div>\n\n                    <div class=\"block-icon-wrapper\">\n                                                    <img decoding=\"async\" src=\"https:\/\/bertakomm.ch\/wp-content\/uploads\/2025\/02\/animation-gluehbirne-weiss.gif\" class=\"block-icon\" alt=\"CONTENU\" \/>\n                                            <\/div>\n                <\/div>\n                            <div class=\"block-icon-l\">\n                    <div class=\"block-text-wrapper\">\n                                                    <h2 class=\"medium-big mb_0\">\n                                CR\u00c9ATION                            <\/h2>\n                        \n                                                    <h3 class=\"medium-big text-regular mb_0\">\n                                Donner une forme visuelle au message                            <\/h3>\n                        \n                                            <\/div>\n\n                    <div class=\"block-icon-wrapper\">\n                                                    <img decoding=\"async\" src=\"https:\/\/bertakomm.ch\/wp-content\/uploads\/2025\/02\/animation-kamera.gif\" class=\"block-icon\" alt=\"CR\u00c9ATION\" \/>\n                                            <\/div>\n                <\/div>\n                            <div class=\"block-icon-r\">\n                    <div class=\"block-text-wrapper\">\n                                                    <h2 class=\"medium-big mb_0\">\n                                COMMUNICATION                            <\/h2>\n                        \n                                                    <h3 class=\"medium-big text-regular mb_0\">\n                                Atteindre le public cible                            <\/h3>\n                        \n                                            <\/div>\n\n                    <div class=\"block-icon-wrapper\">\n                                                    <img decoding=\"async\" src=\"https:\/\/bertakomm.ch\/wp-content\/uploads\/2025\/02\/animation-laptop.gif\" class=\"block-icon\" alt=\"COMMUNICATION\" \/>\n                                            <\/div>\n                <\/div>\n                    <\/section>\n    \n\n\n\n\n\n\n\n            <section class=\"flexible-image-block image-container-width-block   scrollMagic-square-bg-el-trigger\" id=\"\" data-uid=\"69e4a4ac5f4fe\">\n            <div class=\"image-wrapper\">\n                <div class=\"image-bg\" style=\"background-image: url('https:\/\/bertakomm.ch\/wp-content\/uploads\/2026\/02\/Bild-Regionen-BK-scaled.jpg')\"><\/div>\n\n                \n                                    <img decoding=\"async\" src=\"https:\/\/bertakomm.ch\/wp-content\/themes\/bertakomm_new\/assets\/images\/image_16_9_big.png\" class=\"image-big\" alt=\"Format\" \/>\n                    <img decoding=\"async\" src=\"https:\/\/bertakomm.ch\/wp-content\/themes\/bertakomm_new\/assets\/images\/image_16_9.png\" class=\"image-desk\" alt=\"Format\" \/>\n                    <img decoding=\"async\" src=\"https:\/\/bertakomm.ch\/wp-content\/themes\/bertakomm_new\/assets\/images\/image_4_3.png\" class=\"image-mob\" alt=\"Format\" \/>\n                            <\/div>\n\n                    <\/section>\n    \n\n\n\n\n\n\n            <section class=\"angebot-overview-block block-margins scrollMagic-square-bg-el-trigger\" id=\"\" data-uid=\"69e4a4ac6031f\">\n            <h2 class=\"mb_0\">Notre expertise<\/h2>\n            <div class=\"title-divider\"><\/div>\n\n            <div class=\"angebot-cards\">\n                                    <a href=\"https:\/\/bertakomm.ch\/fr\/offre\/strategie-et-conseil\/\" class=\"angebot-card\">\n                        \n                        <div class=\"angebot-card-inner-container\">\n                            <div class=\"angebot-card-content-wrapper\">\n                                <div class=\"angebot-card-title-wrapper\">\n                                    <h3 class=\"angebot-card-title mb_0 text-orange\">\n                                        Strat\u00e9gie et Conseil                                    <\/h3>\n                                <\/div>\n\n                                <div class=\"angebot-card-hidden-part\">\n                                                                            <p class=\"mb_0 card-text text-white\">\n                                            La strat\u00e9gie commence toujours par l\u2019analyse : nous rep\u00e9rons les barri\u00e8res et les facteurs de r\u00e9ussite, puis nous renfor\u00e7ons les messages. Pour une communication qui a de l\u2019impact.                                        <\/p>\n                                    \n                                    <div class=\"link-wrapper\">\n                                        <div class=\"arrow-link-main-card arrow-link-main-full-w\">\n                                            <span>Strat\u00e9gie et Conseil<\/span>\n\n                                            <svg xmlns=\"http:\/\/www.w3.org\/2000\/svg\" width=\"40\" height=\"40\" viewBox=\"0 0 40 40\" fill=\"none\">\n                                                <path d=\"M26.0996 18.5093L20.3828 10H15.4944L22.4617 19.4191L14.8996 30H20.0316L26.0996 18.5093Z\" fill=\"#FCFBF4\"\/>\n                                            <\/svg>\n                                        <\/div>\n                                    <\/div>\n                                <\/div>\n                            <\/div>\n                        <\/div>\n                    <\/a>\n                                    <a href=\"https:\/\/bertakomm.ch\/fr\/offre\/public-affairs-et-lobbying\/\" class=\"angebot-card\">\n                        \n                        <div class=\"angebot-card-inner-container\">\n                            <div class=\"angebot-card-content-wrapper\">\n                                <div class=\"angebot-card-title-wrapper\">\n                                    <h3 class=\"angebot-card-title mb_0 text-orange\">\n                                        Public Affairs et Campaigning                                    <\/h3>\n                                <\/div>\n\n                                <div class=\"angebot-card-hidden-part\">\n                                                                            <p class=\"mb_0 card-text text-white\">\n                                            Nous accompagnons nos clients avec expertise et vision strat\u00e9gique \u00e0 travers les processus politiques. Pour que leur cause soit entendue.                                        <\/p>\n                                    \n                                    <div class=\"link-wrapper\">\n                                        <div class=\"arrow-link-main-card arrow-link-main-full-w\">\n                                            <span>Public Affairs et Campaigning<\/span>\n\n                                            <svg xmlns=\"http:\/\/www.w3.org\/2000\/svg\" width=\"40\" height=\"40\" viewBox=\"0 0 40 40\" fill=\"none\">\n                                                <path d=\"M26.0996 18.5093L20.3828 10H15.4944L22.4617 19.4191L14.8996 30H20.0316L26.0996 18.5093Z\" fill=\"#FCFBF4\"\/>\n                                            <\/svg>\n                                        <\/div>\n                                    <\/div>\n                                <\/div>\n                            <\/div>\n                        <\/div>\n                    <\/a>\n                                    <a href=\"https:\/\/bertakomm.ch\/fr\/offre\/multimedia-et-design\/\" class=\"angebot-card\">\n                        \n                        <div class=\"angebot-card-inner-container\">\n                            <div class=\"angebot-card-content-wrapper\">\n                                <div class=\"angebot-card-title-wrapper\">\n                                    <h3 class=\"angebot-card-title mb_0 text-orange\">\n                                        Multim\u00e9dia et Design                                    <\/h3>\n                                <\/div>\n\n                                <div class=\"angebot-card-hidden-part\">\n                                                                            <p class=\"mb_0 card-text text-white\">\n                                            Une marque forte a besoin de visibilit\u00e9 \u2013 et la visibilit\u00e9 vit de r\u00e9cits forts. Nous associons strat\u00e9gie, design et storytelling pour cr\u00e9er des pr\u00e9sences digitales fortes qui atteignent vos publics cibles.                                        <\/p>\n                                    \n                                    <div class=\"link-wrapper\">\n                                        <div class=\"arrow-link-main-card arrow-link-main-full-w\">\n                                            <span>Multim\u00e9dia et Design<\/span>\n\n                                            <svg xmlns=\"http:\/\/www.w3.org\/2000\/svg\" width=\"40\" height=\"40\" viewBox=\"0 0 40 40\" fill=\"none\">\n                                                <path d=\"M26.0996 18.5093L20.3828 10H15.4944L22.4617 19.4191L14.8996 30H20.0316L26.0996 18.5093Z\" fill=\"#FCFBF4\"\/>\n                                            <\/svg>\n                                        <\/div>\n                                    <\/div>\n                                <\/div>\n                            <\/div>\n                        <\/div>\n                    <\/a>\n                                    <a href=\"https:\/\/bertakomm.ch\/fr\/offre\/medias\/\" class=\"angebot-card\">\n                        \n                        <div class=\"angebot-card-inner-container\">\n                            <div class=\"angebot-card-content-wrapper\">\n                                <div class=\"angebot-card-title-wrapper\">\n                                    <h3 class=\"angebot-card-title mb_0 text-orange\">\n                                        M\u00e9dias                                    <\/h3>\n                                <\/div>\n\n                                <div class=\"angebot-card-hidden-part\">\n                                                                            <p class=\"mb_0 card-text text-white\">\n                                            Un travail m\u00e9diatique cibl\u00e9 s\u2019appuie sur les tendances. Nous apportons un soutien r\u00e9dactionnel, recherchons des \u00e9metteurs forts et pla\u00e7ons des \u00ab histoires \u00bb dans les bons m\u00e9dias.                                        <\/p>\n                                    \n                                    <div class=\"link-wrapper\">\n                                        <div class=\"arrow-link-main-card arrow-link-main-full-w\">\n                                            <span>M\u00e9dias<\/span>\n\n                                            <svg xmlns=\"http:\/\/www.w3.org\/2000\/svg\" width=\"40\" height=\"40\" viewBox=\"0 0 40 40\" fill=\"none\">\n                                                <path d=\"M26.0996 18.5093L20.3828 10H15.4944L22.4617 19.4191L14.8996 30H20.0316L26.0996 18.5093Z\" fill=\"#FCFBF4\"\/>\n                                            <\/svg>\n                                        <\/div>\n                                    <\/div>\n                                <\/div>\n                            <\/div>\n                        <\/div>\n                    <\/a>\n                                    <a href=\"https:\/\/bertakomm.ch\/fr\/offre\/communication-de-crise\/\" class=\"angebot-card\">\n                        \n                        <div class=\"angebot-card-inner-container\">\n                            <div class=\"angebot-card-content-wrapper\">\n                                <div class=\"angebot-card-title-wrapper\">\n                                    <h3 class=\"angebot-card-title mb_0 text-orange\">\n                                        Communication de crise                                    <\/h3>\n                                <\/div>\n\n                                <div class=\"angebot-card-hidden-part\">\n                                                                            <p class=\"mb_0 card-text text-white\">\n                                            En situation de crise, chaque seconde compte. Nous vous aidons \u00e0 vous pr\u00e9parer efficacement et \u00e0 communiquer vite et avec cr\u00e9dibilit\u00e9, au moment d\u00e9cisif.                                        <\/p>\n                                    \n                                    <div class=\"link-wrapper\">\n                                        <div class=\"arrow-link-main-card arrow-link-main-full-w\">\n                                            <span>Communication de crise<\/span>\n\n                                            <svg xmlns=\"http:\/\/www.w3.org\/2000\/svg\" width=\"40\" height=\"40\" viewBox=\"0 0 40 40\" fill=\"none\">\n                                                <path d=\"M26.0996 18.5093L20.3828 10H15.4944L22.4617 19.4191L14.8996 30H20.0316L26.0996 18.5093Z\" fill=\"#FCFBF4\"\/>\n                                            <\/svg>\n                                        <\/div>\n                                    <\/div>\n                                <\/div>\n                            <\/div>\n                        <\/div>\n                    <\/a>\n                                    <a href=\"https:\/\/bertakomm.ch\/fr\/offre\/communication-dans-le-domaine-de-la-construction\/\" class=\"angebot-card\">\n                        \n                        <div class=\"angebot-card-inner-container\">\n                            <div class=\"angebot-card-content-wrapper\">\n                                <div class=\"angebot-card-title-wrapper\">\n                                    <h3 class=\"angebot-card-title mb_0 text-orange\">\n                                        Communication dans le domaine de la construction                                    <\/h3>\n                                <\/div>\n\n                                <div class=\"angebot-card-hidden-part\">\n                                                                            <p class=\"mb_0 card-text text-white\">\n                                            Nous accompagnons les projets de construction en mati\u00e8re de communication, de la planification \u00e0 la r\u00e9alisation &#8211; pour franchir les obstacles et mener les projets \u00e0 bien.                                        <\/p>\n                                    \n                                    <div class=\"link-wrapper\">\n                                        <div class=\"arrow-link-main-card arrow-link-main-full-w\">\n                                            <span>Communication dans le domaine de la construction<\/span>\n\n                                            <svg xmlns=\"http:\/\/www.w3.org\/2000\/svg\" width=\"40\" height=\"40\" viewBox=\"0 0 40 40\" fill=\"none\">\n                                                <path d=\"M26.0996 18.5093L20.3828 10H15.4944L22.4617 19.4191L14.8996 30H20.0316L26.0996 18.5093Z\" fill=\"#FCFBF4\"\/>\n                                            <\/svg>\n                                        <\/div>\n                                    <\/div>\n                                <\/div>\n                            <\/div>\n                        <\/div>\n                    <\/a>\n                            <\/div>\n        <\/section>\n    \n\n\n\n\n\n            <section class=\"flexible-image-block image-full-width-block  image-with-hover scrollMagic-square-bg-el-trigger\" id=\"\" data-uid=\"69e4a4ac62b95\">\n            <div class=\"image-wrapper\">\n                <div class=\"image-bg\" style=\"background-image: url('https:\/\/bertakomm.ch\/wp-content\/uploads\/2025\/12\/DSC09612-Verbessert-RR-scaled.jpg')\"><\/div>\n\n                                    <div class=\"image-filter image-filter-bottom\"><\/div>\n                \n                                    <img decoding=\"async\" src=\"https:\/\/bertakomm.ch\/wp-content\/themes\/bertakomm_new\/assets\/images\/image_21_9_big.png\" class=\"image-big\" alt=\"Format\" \/>\n                    <img decoding=\"async\" src=\"https:\/\/bertakomm.ch\/wp-content\/themes\/bertakomm_new\/assets\/images\/image_text.png\" class=\"image-desk\" alt=\"Format\" \/>\n                    <img decoding=\"async\" src=\"https:\/\/bertakomm.ch\/wp-content\/themes\/bertakomm_new\/assets\/images\/image_9_16.png\" class=\"image-mob\" alt=\"Format\" \/>\n                            <\/div>\n\n                            <div class=\"image-text-wrapper image-text-wrapper-bottom\">\n                    \n                                            <div class=\"default-text-wrapper-white-with-orange-strong lead-text-wrapper\">\n                            <p>Bureau Zurich<\/p>\n                        <\/div>\n                                    <\/div>\n                    <\/section>\n    \n\n\n\n","protected":false},"excerpt":{"rendered":"","protected":false},"author":1,"featured_media":0,"parent":0,"menu_order":0,"comment_status":"closed","ping_status":"closed","template":"","meta":{"_acf_changed":false,"inline_featured_image":false,"footnotes":""},"class_list":["post-5968","page","type-page","status-publish","hentry"],"acf":[],"yoast_head":"<!-- This site is optimized with the Yoast SEO Premium plugin v27.2 (Yoast SEO v27.2) - https:\/\/yoast.com\/product\/yoast-seo-premium-wordpress\/ -->\n<title>Unsere Angebote | BERTAKOMM<\/title>\n<meta name=\"description\" content=\"Unsere Leistungen: Strategieberatung, Public Affairs, Medienarbeit, Multimedia, Branding und Webdesign \u2013 alles aus einer Hand.\" \/>\n<meta name=\"robots\" content=\"index, follow, max-snippet:-1, max-image-preview:large, max-video-preview:-1\" \/>\n<link rel=\"canonical\" href=\"https:\/\/bertakomm.ch\/fr\/angebote\/\" \/>\n<meta property=\"og:locale\" content=\"fr_FR\" \/>\n<meta property=\"og:type\" content=\"article\" \/>\n<meta property=\"og:title\" content=\"Offre\" \/>\n<meta property=\"og:description\" content=\"Unsere Leistungen: Strategieberatung, Public Affairs, Medienarbeit, Multimedia, Branding und Webdesign \u2013 alles aus einer Hand.\" \/>\n<meta property=\"og:url\" content=\"https:\/\/bertakomm.ch\/fr\/angebote\/\" \/>\n<meta property=\"og:site_name\" content=\"BERTAKOMM\" \/>\n<meta property=\"article:modified_time\" content=\"2026-02-02T07:41:22+00:00\" \/>\n<meta property=\"og:image\" content=\"https:\/\/bertakomm.ch\/wp-content\/uploads\/2025\/05\/Wurfelgruppe-Orange-600x315.png\" \/>\n<meta name=\"twitter:card\" content=\"summary_large_image\" \/>\n<meta name=\"twitter:label1\" content=\"Est. reading time\" \/>\n\t<meta name=\"twitter:data1\" content=\"1 minute\" \/>\n<!-- \/ Yoast SEO Premium plugin. -->","yoast_head_json":{"title":"Unsere Angebote | BERTAKOMM","description":"Unsere Leistungen: Strategieberatung, Public Affairs, Medienarbeit, Multimedia, Branding und Webdesign \u2013 alles aus einer Hand.","robots":{"index":"index","follow":"follow","max-snippet":"max-snippet:-1","max-image-preview":"max-image-preview:large","max-video-preview":"max-video-preview:-1"},"canonical":"https:\/\/bertakomm.ch\/fr\/angebote\/","og_locale":"fr_FR","og_type":"article","og_title":"Offre","og_description":"Unsere Leistungen: Strategieberatung, Public Affairs, Medienarbeit, Multimedia, Branding und Webdesign \u2013 alles aus einer Hand.","og_url":"https:\/\/bertakomm.ch\/fr\/angebote\/","og_site_name":"BERTAKOMM","article_modified_time":"2026-02-02T07:41:22+00:00","og_image":[{"url":"https:\/\/bertakomm.ch\/wp-content\/uploads\/2025\/05\/Wurfelgruppe-Orange-600x315.png","type":"","width":"","height":""}],"twitter_card":"summary_large_image","twitter_misc":{"Est. reading time":"1 minute"},"schema":{"@context":"https:\/\/schema.org","@graph":[{"@type":"WebPage","@id":"https:\/\/bertakomm.ch\/fr\/angebote\/","url":"https:\/\/bertakomm.ch\/fr\/angebote\/","name":"Unsere Angebote | BERTAKOMM","isPartOf":{"@id":"https:\/\/bertakomm.ch\/#website"},"datePublished":"2025-02-24T11:11:02+00:00","dateModified":"2026-02-02T07:41:22+00:00","description":"Unsere Leistungen: Strategieberatung, Public Affairs, Medienarbeit, Multimedia, Branding und Webdesign \u2013 alles aus einer Hand.","breadcrumb":{"@id":"https:\/\/bertakomm.ch\/fr\/angebote\/#breadcrumb"},"inLanguage":"fr-FR","potentialAction":[{"@type":"ReadAction","target":["https:\/\/bertakomm.ch\/fr\/angebote\/"]}]},{"@type":"BreadcrumbList","@id":"https:\/\/bertakomm.ch\/fr\/angebote\/#breadcrumb","itemListElement":[{"@type":"ListItem","position":1,"name":"Home","item":"https:\/\/bertakomm.ch\/fr\/"},{"@type":"ListItem","position":2,"name":"Offre"}]},{"@type":"WebSite","@id":"https:\/\/bertakomm.ch\/#website","url":"https:\/\/bertakomm.ch\/","name":"BERTAKOMM","description":"Strategisch. Kreativ. Auf den Punkt.","publisher":{"@id":"https:\/\/bertakomm.ch\/#organization"},"potentialAction":[{"@type":"SearchAction","target":{"@type":"EntryPoint","urlTemplate":"https:\/\/bertakomm.ch\/?s={search_term_string}"},"query-input":{"@type":"PropertyValueSpecification","valueRequired":true,"valueName":"search_term_string"}}],"inLanguage":"fr-FR"},{"@type":"Organization","@id":"https:\/\/bertakomm.ch\/#organization","name":"BERTAKOMM","url":"https:\/\/bertakomm.ch\/","logo":{"@type":"ImageObject","inLanguage":"fr-FR","@id":"https:\/\/bertakomm.ch\/#\/schema\/logo\/image\/","url":"","contentUrl":"","caption":"BERTAKOMM"},"image":{"@id":"https:\/\/bertakomm.ch\/#\/schema\/logo\/image\/"},"sameAs":["https:\/\/www.instagram.com\/bertakomm\/","https:\/\/www.linkedin.com\/company\/bertakomm"],"description":"BERTAKOMM beherrscht die gesamte Klaviatur anspruchsvoller Kommunikation und bietet L\u00f6sungen aus einer Hand. Mit rund 40 Mitarbeitenden an Standorten in der ganzen Schweiz \u00fcbersetzen wir komplexe Inhalte in verst\u00e4ndliche Kommunikation \u2013 von der ersten Idee bis zur aussagekr\u00e4ftigen Visualisierung, von der konzisen Strategie bis zur reibungslosen Umsetzung.","email":"gruezi@bertakomm.ch","telephone":"+41445204080","legalName":"BERTA KOMM","foundingDate":"2025-01-01","numberOfEmployees":{"@type":"QuantitativeValue","minValue":"51","maxValue":"200"}}]}},"_links":{"self":[{"href":"https:\/\/bertakomm.ch\/fr\/wp-json\/wp\/v2\/pages\/5968","targetHints":{"allow":["GET"]}}],"collection":[{"href":"https:\/\/bertakomm.ch\/fr\/wp-json\/wp\/v2\/pages"}],"about":[{"href":"https:\/\/bertakomm.ch\/fr\/wp-json\/wp\/v2\/types\/page"}],"author":[{"embeddable":true,"href":"https:\/\/bertakomm.ch\/fr\/wp-json\/wp\/v2\/users\/1"}],"replies":[{"embeddable":true,"href":"https:\/\/bertakomm.ch\/fr\/wp-json\/wp\/v2\/comments?post=5968"}],"version-history":[{"count":7,"href":"https:\/\/bertakomm.ch\/fr\/wp-json\/wp\/v2\/pages\/5968\/revisions"}],"predecessor-version":[{"id":8136,"href":"https:\/\/bertakomm.ch\/fr\/wp-json\/wp\/v2\/pages\/5968\/revisions\/8136"}],"wp:attachment":[{"href":"https:\/\/bertakomm.ch\/fr\/wp-json\/wp\/v2\/media?parent=5968"}],"curies":[{"name":"wp","href":"https:\/\/api.w.org\/{rel}","templated":true}]}}