{"id":5930,"date":"2025-02-21T11:32:01","date_gmt":"2025-02-21T10:32:01","guid":{"rendered":"https:\/\/dev.bertakomm-v3.berta-bewegt.ch\/startseite\/"},"modified":"2026-01-13T10:03:32","modified_gmt":"2026-01-13T09:03:32","slug":"startseite","status":"publish","type":"page","link":"https:\/\/bertakomm.ch\/fr\/","title":{"rendered":"Strat\u00e9gique. Cr\u00e9atif. Allant \u00e0 l\u2019essentiel."},"content":{"rendered":"\n            <section class=\"flexible-image-block image-full-width-block  image-with-hover scrollMagic-block visibleInBackend\" data-uid=\"69f64173252d8\" id=\"\">\n            <div class=\"image-wrapper\">\n                <div class=\"image-bg\" style=\"background-image: url('https:\/\/bertakomm.ch\/wp-content\/uploads\/2025\/12\/DSC09607-Verbessert-RR-2-scaled.jpg')\"><\/div>\n\n                                    <div class=\"image-filter \"><\/div>\n                \n                                    <img decoding=\"async\" src=\"https:\/\/bertakomm.ch\/wp-content\/themes\/bertakomm_new\/assets\/images\/image_21_9_big.png\" class=\"image-big\" alt=\"Format\" \/>\n                    <img decoding=\"async\" src=\"https:\/\/bertakomm.ch\/wp-content\/themes\/bertakomm_new\/assets\/images\/image_text.png\" class=\"image-desk\" alt=\"Format\" \/>\n                    <img decoding=\"async\" src=\"https:\/\/bertakomm.ch\/wp-content\/themes\/bertakomm_new\/assets\/images\/image_9_16.png\" class=\"image-mob\" alt=\"Format\" \/>\n                            <\/div>\n\n                            <div class=\"image-text-wrapper \">\n                                            <h2 class=\"text-white \">Pour faire la diff\u00e9rence<\/h2>\n                    \n                                            <div class=\"default-text-wrapper-white-with-orange-strong lead-text-wrapper\">\n                            <p>BERTAKOMM ma\u00eetrise toute la gamme d\u2019une communication ambitieuse et offre des solutions int\u00e9gr\u00e9es, cl\u00e9s en main. Avec une quarantaine de collaborateurs pr\u00e9sents dans toute la Suisse, nous transformons des sujets complexes en messages clairs \u2013 de l\u2019id\u00e9e initiale \u00e0 une visualisation parlante, d\u2019une strat\u00e9gie aff\u00fbt\u00e9e \u00e0 une ex\u00e9cution parfaitement orchestr\u00e9e.<\/p>\n                        <\/div>\n                                    <\/div>\n                    <\/section>\n    \n\n\n\n\n\n\n            <section class=\"custom-video-loop-block\" id=\"\">\n            <div class=\"video-blocks\">\n                <div class=\"video-block scrollMagic-block visibleInBackend\" data-uid=\"69f6417325bfc\">\n                    <div class=\"video-inner-container\">\n                        \n                                                    <video playsinline autoplay loop muted class=\"custom-video-loop-m\" id=\"video-id-69f6417325bf7\">\n                                                                    <source src=\"https:\/\/bertakomm.ch\/wp-content\/uploads\/2026\/01\/bk_web_loop_swiss-food_9x16-1.mp4\" type=\"video\/webm\">\n                                                                                                    <source src=\"https:\/\/bertakomm.ch\/wp-content\/uploads\/2026\/01\/bk_web_loop_swiss-food_9x16-1.mov\" type=\"video\/mp4\">\n                                                            <\/video>\n                                            <\/div>\n                <\/div>\n            <\/div>\n        <\/section>\n    \n\n\n\n\n\n    <section class=\"title-cards-list-button-block block-paddings\" id=\"\">\n        <div class=\"black-bg\"><\/div>\n\n        <div class=\"title-cards-list-button-block-inner-container scrollMagic-block visibleInBackend\" data-uid=\"69f641732721e\">\n                            <h2 class=\"medium-big mb_0 text-white\">OFFRE<\/h2>\n                <div class=\"title-divider\"><\/div>\n            \n                            <div class=\"default-text-wrapper-white-with-orange-strong lead-text-wrapper-v3\">\n                    <p>Nous travaillons \u00e0 l\u2019interface entre <strong>l\u2019\u00e9conomie, la soci\u00e9t\u00e9 et la politique<\/strong>. R\u00e9fl\u00e9chis, rapides et toujours droits au but.<\/p>\n                <\/div>\n            \n                            <div class=\"more-button-wrapper\">\n                    <a href=\"https:\/\/bertakomm.ch\/fr\/angebote\/\" class=\"main-button-white\">D\u00e9couvrir plus<\/a>\n                <\/div>\n                    <\/div>\n\n                    <div class=\"block-icon-wrapper scrollMagic-block visibleInBackend\" data-uid=\"69f6417327222\">\n                <img decoding=\"async\" src=\"https:\/\/bertakomm.ch\/wp-content\/uploads\/2025\/12\/20251127_bundeshaus_weiss_animation_ile01.gif\" class=\"block-icon\" alt=\"OFFRE\" \/>\n            <\/div>\n            <\/section>\n\n\n\n\n\n\n\n            <section class=\"custom-video-loop-block\" id=\"\">\n            <div class=\"video-blocks\">\n                <div class=\"video-block scrollMagic-block visibleInBackend\" data-uid=\"69f641732747a\">\n                    <div class=\"video-inner-container\">\n                        \n                                                    <video playsinline autoplay loop muted class=\"custom-video-loop-m\" id=\"video-id-69f6417327477\">\n                                                                    <source src=\"https:\/\/bertakomm.ch\/wp-content\/uploads\/2026\/01\/bk_web_loop_avenergy_branchentag_9x16-1.mp4\" type=\"video\/webm\">\n                                                                                                    <source src=\"https:\/\/bertakomm.ch\/wp-content\/uploads\/2026\/01\/bk_web_loop_avenergy_branchentag_9x16-1.mov\" type=\"video\/mp4\">\n                                                            <\/video>\n                                            <\/div>\n                <\/div>\n            <\/div>\n        <\/section>\n    \n\n\n\n\n\n    <section class=\"title-cards-list-button-block block-paddings\" id=\"\">\n        <div class=\"white-bg\"><\/div>\n\n        <div class=\"title-cards-list-button-block-inner-container scrollMagic-block visibleInBackend\" data-uid=\"69f6417328197\">\n                            <h2 class=\"medium-big mb_0 \">CLIENTS<\/h2>\n                <div class=\"title-divider\"><\/div>\n            \n                            <div class=\"default-text-wrapper-black-with-orange-strong lead-text-wrapper-v3\">\n                    <p>Nos clients sont unis par l\u2019exigence d\u2019<strong>un conseil personnalis\u00e9 et fiable<\/strong>. Nous \u00e9coutons, r\u00e9fl\u00e9chissons avec eux et tenons nos promesses.<\/p>\n                <\/div>\n            \n                            <div class=\"more-button-wrapper\">\n                    <a href=\"https:\/\/bertakomm.ch\/fr\/clients\/#aktuelle-kunden\" class=\"main-button\">D\u00e9couvrir plus<\/a>\n                <\/div>\n                    <\/div>\n\n                    <div class=\"block-icon-wrapper scrollMagic-block visibleInBackend\" data-uid=\"69f641732819b\">\n                <img decoding=\"async\" src=\"https:\/\/bertakomm.ch\/wp-content\/uploads\/2025\/12\/animation-gruppe_1.gif\" class=\"block-icon\" alt=\"CLIENTS\" \/>\n            <\/div>\n            <\/section>\n\n\n\n\n\n\n\n            <section class=\"custom-video-loop-block\" id=\"\">\n            <div class=\"video-blocks\">\n                <div class=\"video-block scrollMagic-block visibleInBackend\" data-uid=\"69f641732833d\">\n                    <div class=\"video-inner-container\">\n                        \n                                                    <video playsinline autoplay loop muted class=\"custom-video-loop-m\" id=\"video-id-69f641732833a\">\n                                                                    <source src=\"https:\/\/bertakomm.ch\/wp-content\/uploads\/2026\/01\/bk_loop_medienarbeit_9x16.mp4\" type=\"video\/webm\">\n                                                                                                    <source src=\"https:\/\/bertakomm.ch\/wp-content\/uploads\/2026\/01\/bk_loop_medienarbeit_9x16.mov\" type=\"video\/mp4\">\n                                                            <\/video>\n                                            <\/div>\n                <\/div>\n            <\/div>\n        <\/section>\n    \n\n\n\n\n\n\n    <section class=\"team-intro-block block-margins\" id=\"\">\n        <div class=\"loading-fade loading-fade-block\">\n            <div class=\"lds-dual-ring\"><\/div>\n        <\/div>\n\n        <div class=\"team-block-inner-container\">\n            <h2 class=\"medium-big mb_0 scrollMagic-block visibleInBackend\" data-uid=\"69f64173293fb\">EQUIPE<\/h2>\n            <div class=\"title-divider\"><\/div>\n\n            <div class=\"team-cards\"><\/div>\n\n                            <div class=\"load-more-button-wrapper scrollMagic-block visibleInBackend\" data-uid=\"69f64173293fc\">\n                                            <a href=\"https:\/\/bertakomm.ch\/fr\/equipe\/\" class=\"main-button\">Rencontrer l&rsquo;\u00e9quipe<\/a>\n                                    <\/div>\n                    <\/div>\n    <\/section>\n\n    \n\n\n\n\n    <section class=\"title-cards-list-button-block block-paddings\" id=\"\">\n        <div class=\"white-bg\"><\/div>\n\n        <div class=\"title-cards-list-button-block-inner-container scrollMagic-block visibleInBackend\" data-uid=\"69f641732a1de\">\n                            <h2 class=\"medium-big mb_0 \">TRAVAILLER AVEC NOUS<\/h2>\n                <div class=\"title-divider\"><\/div>\n            \n                            <div class=\"default-text-wrapper-black-with-orange-strong lead-text-wrapper-v3\">\n                    <p>Tu veux faire <strong>partie de notre \u00e9quipe<\/strong> ?<\/p>\n                <\/div>\n            \n                            <div class=\"more-button-wrapper\">\n                    <a href=\"https:\/\/bertakomm.ch\/fr\/karriere\/\" class=\"main-button\">En savoir plus<\/a>\n                <\/div>\n                    <\/div>\n\n                    <div class=\"block-icon-wrapper scrollMagic-block visibleInBackend\" data-uid=\"69f641732a1e2\">\n                <img decoding=\"async\" src=\"https:\/\/bertakomm.ch\/wp-content\/uploads\/2025\/11\/20250403_Aktentasche_origami_weiss-1.svg\" class=\"block-icon\" alt=\"TRAVAILLER AVEC NOUS\" \/>\n            <\/div>\n            <\/section>\n\n\n\n\n","protected":false},"excerpt":{"rendered":"","protected":false},"author":1,"featured_media":6125,"parent":0,"menu_order":0,"comment_status":"closed","ping_status":"closed","template":"","meta":{"_acf_changed":false,"inline_featured_image":false,"footnotes":""},"class_list":["post-5930","page","type-page","status-publish","has-post-thumbnail","hentry"],"acf":[],"yoast_head":"<!-- This site is optimized with the Yoast SEO Premium plugin v27.2 (Yoast SEO v27.2) - https:\/\/yoast.com\/product\/yoast-seo-premium-wordpress\/ -->\n<title>BERTAKOMM | Strategisch. Kreativ. Auf den Punkt<\/title>\n<meta name=\"description\" content=\"BERTAKOMM bietet Kommunikationsberatung f\u00fcr Unternehmen, Verb\u00e4nde und Beh\u00f6rden. Von Strategie \u00fcber Public Affairs bis Multimedia.\u200b\" \/>\n<meta name=\"robots\" content=\"index, follow, max-snippet:-1, max-image-preview:large, max-video-preview:-1\" \/>\n<link rel=\"canonical\" href=\"https:\/\/bertakomm.ch\/fr\/\" \/>\n<meta property=\"og:locale\" content=\"fr_FR\" \/>\n<meta property=\"og:type\" content=\"article\" \/>\n<meta property=\"og:title\" content=\"Strat\u00e9gique. Cr\u00e9atif. Allant \u00e0 l\u2019essentiel.\" \/>\n<meta property=\"og:description\" content=\"BERTAKOMM bietet Kommunikationsberatung f\u00fcr Unternehmen, Verb\u00e4nde und Beh\u00f6rden. Von Strategie \u00fcber Public Affairs bis Multimedia.\u200b\" \/>\n<meta property=\"og:url\" content=\"https:\/\/bertakomm.ch\/fr\/\" \/>\n<meta property=\"og:site_name\" content=\"BERTAKOMM\" \/>\n<meta property=\"article:modified_time\" content=\"2026-01-13T09:03:32+00:00\" \/>\n<meta property=\"og:image\" content=\"https:\/\/bertakomm.ch\/wp-content\/uploads\/2025\/06\/main_og_image-600x315.png\" \/>\n<meta name=\"twitter:card\" content=\"summary_large_image\" \/>\n<meta name=\"twitter:label1\" content=\"Est. reading time\" \/>\n\t<meta name=\"twitter:data1\" content=\"2 minutes\" \/>\n<!-- \/ Yoast SEO Premium plugin. -->","yoast_head_json":{"title":"BERTAKOMM | Strategisch. Kreativ. Auf den Punkt","description":"BERTAKOMM bietet Kommunikationsberatung f\u00fcr Unternehmen, Verb\u00e4nde und Beh\u00f6rden. Von Strategie \u00fcber Public Affairs bis Multimedia.\u200b","robots":{"index":"index","follow":"follow","max-snippet":"max-snippet:-1","max-image-preview":"max-image-preview:large","max-video-preview":"max-video-preview:-1"},"canonical":"https:\/\/bertakomm.ch\/fr\/","og_locale":"fr_FR","og_type":"article","og_title":"Strat\u00e9gique. Cr\u00e9atif. Allant \u00e0 l\u2019essentiel.","og_description":"BERTAKOMM bietet Kommunikationsberatung f\u00fcr Unternehmen, Verb\u00e4nde und Beh\u00f6rden. Von Strategie \u00fcber Public Affairs bis Multimedia.\u200b","og_url":"https:\/\/bertakomm.ch\/fr\/","og_site_name":"BERTAKOMM","article_modified_time":"2026-01-13T09:03:32+00:00","og_image":[{"url":"https:\/\/bertakomm.ch\/wp-content\/uploads\/2025\/06\/main_og_image-600x315.png","type":"","width":"","height":""}],"twitter_card":"summary_large_image","twitter_misc":{"Est. reading time":"2 minutes"},"schema":{"@context":"https:\/\/schema.org","@graph":[{"@type":"WebPage","@id":"https:\/\/bertakomm.ch\/fr\/","url":"https:\/\/bertakomm.ch\/fr\/","name":"BERTAKOMM | Strategisch. Kreativ. Auf den Punkt","isPartOf":{"@id":"https:\/\/bertakomm.ch\/#website"},"primaryImageOfPage":{"@id":"https:\/\/bertakomm.ch\/fr\/#primaryimage"},"image":{"@id":"https:\/\/bertakomm.ch\/fr\/#primaryimage"},"thumbnailUrl":"https:\/\/bertakomm.ch\/wp-content\/uploads\/2026\/01\/cover-DE2x-1.png","datePublished":"2025-02-21T10:32:01+00:00","dateModified":"2026-01-13T09:03:32+00:00","description":"BERTAKOMM bietet Kommunikationsberatung f\u00fcr Unternehmen, Verb\u00e4nde und Beh\u00f6rden. Von Strategie \u00fcber Public Affairs bis Multimedia.\u200b","breadcrumb":{"@id":"https:\/\/bertakomm.ch\/fr\/#breadcrumb"},"inLanguage":"fr-FR","potentialAction":[{"@type":"ReadAction","target":["https:\/\/bertakomm.ch\/fr\/"]}]},{"@type":"ImageObject","inLanguage":"fr-FR","@id":"https:\/\/bertakomm.ch\/fr\/#primaryimage","url":"https:\/\/bertakomm.ch\/wp-content\/uploads\/2026\/01\/cover-DE2x-1.png","contentUrl":"https:\/\/bertakomm.ch\/wp-content\/uploads\/2026\/01\/cover-DE2x-1.png","width":1870,"height":1030},{"@type":"BreadcrumbList","@id":"https:\/\/bertakomm.ch\/fr\/#breadcrumb","itemListElement":[{"@type":"ListItem","position":1,"name":"Home","item":"https:\/\/bertakomm.ch\/fr\/"},{"@type":"ListItem","position":2,"name":"Strat\u00e9gique. Cr\u00e9atif. Allant \u00e0 l\u2019essentiel."}]},{"@type":"WebSite","@id":"https:\/\/bertakomm.ch\/#website","url":"https:\/\/bertakomm.ch\/","name":"BERTAKOMM","description":"Strategisch. Kreativ. Auf den Punkt.","publisher":{"@id":"https:\/\/bertakomm.ch\/#organization"},"potentialAction":[{"@type":"SearchAction","target":{"@type":"EntryPoint","urlTemplate":"https:\/\/bertakomm.ch\/?s={search_term_string}"},"query-input":{"@type":"PropertyValueSpecification","valueRequired":true,"valueName":"search_term_string"}}],"inLanguage":"fr-FR"},{"@type":"Organization","@id":"https:\/\/bertakomm.ch\/#organization","name":"BERTAKOMM","url":"https:\/\/bertakomm.ch\/","logo":{"@type":"ImageObject","inLanguage":"fr-FR","@id":"https:\/\/bertakomm.ch\/#\/schema\/logo\/image\/","url":"","contentUrl":"","caption":"BERTAKOMM"},"image":{"@id":"https:\/\/bertakomm.ch\/#\/schema\/logo\/image\/"},"sameAs":["https:\/\/www.instagram.com\/bertakomm\/","https:\/\/www.linkedin.com\/company\/bertakomm"],"description":"BERTAKOMM beherrscht die gesamte Klaviatur anspruchsvoller Kommunikation und bietet L\u00f6sungen aus einer Hand. Mit rund 40 Mitarbeitenden an Standorten in der ganzen Schweiz \u00fcbersetzen wir komplexe Inhalte in verst\u00e4ndliche Kommunikation \u2013 von der ersten Idee bis zur aussagekr\u00e4ftigen Visualisierung, von der konzisen Strategie bis zur reibungslosen Umsetzung.","email":"gruezi@bertakomm.ch","telephone":"+41445204080","legalName":"BERTA KOMM","foundingDate":"2025-01-01","numberOfEmployees":{"@type":"QuantitativeValue","minValue":"51","maxValue":"200"}}]}},"_links":{"self":[{"href":"https:\/\/bertakomm.ch\/fr\/wp-json\/wp\/v2\/pages\/5930","targetHints":{"allow":["GET"]}}],"collection":[{"href":"https:\/\/bertakomm.ch\/fr\/wp-json\/wp\/v2\/pages"}],"about":[{"href":"https:\/\/bertakomm.ch\/fr\/wp-json\/wp\/v2\/types\/page"}],"author":[{"embeddable":true,"href":"https:\/\/bertakomm.ch\/fr\/wp-json\/wp\/v2\/users\/1"}],"replies":[{"embeddable":true,"href":"https:\/\/bertakomm.ch\/fr\/wp-json\/wp\/v2\/comments?post=5930"}],"version-history":[{"count":25,"href":"https:\/\/bertakomm.ch\/fr\/wp-json\/wp\/v2\/pages\/5930\/revisions"}],"predecessor-version":[{"id":7956,"href":"https:\/\/bertakomm.ch\/fr\/wp-json\/wp\/v2\/pages\/5930\/revisions\/7956"}],"wp:featuredmedia":[{"embeddable":true,"href":"https:\/\/bertakomm.ch\/fr\/wp-json\/wp\/v2\/media\/6125"}],"wp:attachment":[{"href":"https:\/\/bertakomm.ch\/fr\/wp-json\/wp\/v2\/media?parent=5930"}],"curies":[{"name":"wp","href":"https:\/\/api.w.org\/{rel}","templated":true}]}}