{"id":5937,"date":"2025-02-24T12:11:02","date_gmt":"2025-02-24T11:11:02","guid":{"rendered":"https:\/\/dev.bertakomm-v3.berta-bewegt.ch\/angebote\/"},"modified":"2026-02-02T08:42:05","modified_gmt":"2026-02-02T07:42:05","slug":"services","status":"publish","type":"page","link":"https:\/\/bertakomm.ch\/en\/services\/","title":{"rendered":"Services"},"content":{"rendered":"\n            <section class=\"text-narrow-block block-margins scrollMagic-square-bg-el-trigger\" id=\"\" data-uid=\"69e4a51820f9a\">\n            <div class=\"text-narrow-block-inner-container\">\n                <div class=\"default-text-wrapper lead-text-wrapper\">\n                    <p><strong>Analyze. Plan. Act.<\/strong> We help clients navigate complex situations with clarity and confidence \u2014 so their message is heard and understood.<\/p>\n                <\/div>\n\n                            <\/div>\n        <\/section>\n    \n\n\n\n\n\n\n\n            <section class=\"text-icon-border-bottom-block block-margins scrollMagic-square-bg-el-trigger\" id=\"\" data-uid=\"69e4a51821f38\">\n                            <div class=\"block-icon-r\">\n                    <div class=\"block-text-wrapper\">\n                                                    <h2 class=\"medium-big mb_0\">\n                                CONTENT                            <\/h2>\n                        \n                                                    <h3 class=\"medium-big text-regular mb_0\">\n                                Ensure clarity                            <\/h3>\n                        \n                                            <\/div>\n\n                    <div class=\"block-icon-wrapper\">\n                                                    <img decoding=\"async\" src=\"https:\/\/bertakomm.ch\/wp-content\/uploads\/2025\/02\/animation-gluehbirne-weiss.gif\" class=\"block-icon\" alt=\"CONTENT\" \/>\n                                            <\/div>\n                <\/div>\n                            <div class=\"block-icon-l\">\n                    <div class=\"block-text-wrapper\">\n                                                    <h2 class=\"medium-big mb_0\">\n                                DESIGN                            <\/h2>\n                        \n                                                    <h3 class=\"medium-big text-regular mb_0\">\n                                Turn messages into visual communication                            <\/h3>\n                        \n                                            <\/div>\n\n                    <div class=\"block-icon-wrapper\">\n                                                    <img decoding=\"async\" src=\"https:\/\/bertakomm.ch\/wp-content\/uploads\/2025\/02\/animation-kamera.gif\" class=\"block-icon\" alt=\"DESIGN\" \/>\n                                            <\/div>\n                <\/div>\n                            <div class=\"block-icon-r\">\n                    <div class=\"block-text-wrapper\">\n                                                    <h2 class=\"medium-big mb_0\">\n                                COMMUNICATION                            <\/h2>\n                        \n                                                    <h3 class=\"medium-big text-regular mb_0\">\n                                Reach your target audience                            <\/h3>\n                        \n                                            <\/div>\n\n                    <div class=\"block-icon-wrapper\">\n                                                    <img decoding=\"async\" src=\"https:\/\/bertakomm.ch\/wp-content\/uploads\/2025\/02\/animation-laptop.gif\" class=\"block-icon\" alt=\"COMMUNICATION\" \/>\n                                            <\/div>\n                <\/div>\n                    <\/section>\n    \n\n\n\n\n\n\n\n            <section class=\"flexible-image-block image-container-width-block   scrollMagic-square-bg-el-trigger\" id=\"\" data-uid=\"69e4a518232ab\">\n            <div class=\"image-wrapper\">\n                <div class=\"image-bg\" style=\"background-image: url('https:\/\/bertakomm.ch\/wp-content\/uploads\/2026\/02\/Bild-Regionen-BK-scaled.jpg')\"><\/div>\n\n                \n                                    <img decoding=\"async\" src=\"https:\/\/bertakomm.ch\/wp-content\/themes\/bertakomm_new\/assets\/images\/image_16_9_big.png\" class=\"image-big\" alt=\"Format\" \/>\n                    <img decoding=\"async\" src=\"https:\/\/bertakomm.ch\/wp-content\/themes\/bertakomm_new\/assets\/images\/image_16_9.png\" class=\"image-desk\" alt=\"Format\" \/>\n                    <img decoding=\"async\" src=\"https:\/\/bertakomm.ch\/wp-content\/themes\/bertakomm_new\/assets\/images\/image_4_3.png\" class=\"image-mob\" alt=\"Format\" \/>\n                            <\/div>\n\n                    <\/section>\n    \n\n\n\n\n\n\n            <section class=\"angebot-overview-block block-margins scrollMagic-square-bg-el-trigger\" id=\"\" data-uid=\"69e4a51824bc9\">\n            <h2 class=\"mb_0\">Our expertise<\/h2>\n            <div class=\"title-divider\"><\/div>\n\n            <div class=\"angebot-cards\">\n                                    <a href=\"https:\/\/bertakomm.ch\/en\/service\/strategy-and-consulting\/\" class=\"angebot-card\">\n                        \n                        <div class=\"angebot-card-inner-container\">\n                            <div class=\"angebot-card-content-wrapper\">\n                                <div class=\"angebot-card-title-wrapper\">\n                                    <h3 class=\"angebot-card-title mb_0 text-orange\">\n                                        Strategy &#038; Consulting                                    <\/h3>\n                                <\/div>\n\n                                <div class=\"angebot-card-hidden-part\">\n                                                                            <p class=\"mb_0 card-text text-white\">\n                                            Strategy always begins with analysis: We identify barriers and drivers, and we refine your messaging \u2013 for communication that makes an impact.                                        <\/p>\n                                    \n                                    <div class=\"link-wrapper\">\n                                        <div class=\"arrow-link-main-card arrow-link-main-full-w\">\n                                            <span>Strategy &#038; Consulting<\/span>\n\n                                            <svg xmlns=\"http:\/\/www.w3.org\/2000\/svg\" width=\"40\" height=\"40\" viewBox=\"0 0 40 40\" fill=\"none\">\n                                                <path d=\"M26.0996 18.5093L20.3828 10H15.4944L22.4617 19.4191L14.8996 30H20.0316L26.0996 18.5093Z\" fill=\"#FCFBF4\"\/>\n                                            <\/svg>\n                                        <\/div>\n                                    <\/div>\n                                <\/div>\n                            <\/div>\n                        <\/div>\n                    <\/a>\n                                    <a href=\"https:\/\/bertakomm.ch\/en\/service\/public-affairs-and-lobbying-2\/\" class=\"angebot-card\">\n                        \n                        <div class=\"angebot-card-inner-container\">\n                            <div class=\"angebot-card-content-wrapper\">\n                                <div class=\"angebot-card-title-wrapper\">\n                                    <h3 class=\"angebot-card-title mb_0 text-orange\">\n                                        Public Affairs &amp; Campaigning                                    <\/h3>\n                                <\/div>\n\n                                <div class=\"angebot-card-hidden-part\">\n                                                                            <p class=\"mb_0 card-text text-white\">\n                                            With expertise and strategic foresight, we guide you through political processes and ensure your message reaches the right audience.                                        <\/p>\n                                    \n                                    <div class=\"link-wrapper\">\n                                        <div class=\"arrow-link-main-card arrow-link-main-full-w\">\n                                            <span>Public Affairs &amp; Campaigning<\/span>\n\n                                            <svg xmlns=\"http:\/\/www.w3.org\/2000\/svg\" width=\"40\" height=\"40\" viewBox=\"0 0 40 40\" fill=\"none\">\n                                                <path d=\"M26.0996 18.5093L20.3828 10H15.4944L22.4617 19.4191L14.8996 30H20.0316L26.0996 18.5093Z\" fill=\"#FCFBF4\"\/>\n                                            <\/svg>\n                                        <\/div>\n                                    <\/div>\n                                <\/div>\n                            <\/div>\n                        <\/div>\n                    <\/a>\n                                    <a href=\"https:\/\/bertakomm.ch\/en\/service\/multimedia-design\/\" class=\"angebot-card\">\n                        \n                        <div class=\"angebot-card-inner-container\">\n                            <div class=\"angebot-card-content-wrapper\">\n                                <div class=\"angebot-card-title-wrapper\">\n                                    <h3 class=\"angebot-card-title mb_0 text-orange\">\n                                        Multimedia &amp; Design                                    <\/h3>\n                                <\/div>\n\n                                <div class=\"angebot-card-hidden-part\">\n                                                                            <p class=\"mb_0 card-text text-white\">\n                                            A strong brand needs visibility \u2014 and visibility is built on strong stories. We bring together strategy, design, and storytelling to create impactful brand presences that reach your audiences.                                        <\/p>\n                                    \n                                    <div class=\"link-wrapper\">\n                                        <div class=\"arrow-link-main-card arrow-link-main-full-w\">\n                                            <span>Multimedia &amp; Design<\/span>\n\n                                            <svg xmlns=\"http:\/\/www.w3.org\/2000\/svg\" width=\"40\" height=\"40\" viewBox=\"0 0 40 40\" fill=\"none\">\n                                                <path d=\"M26.0996 18.5093L20.3828 10H15.4944L22.4617 19.4191L14.8996 30H20.0316L26.0996 18.5093Z\" fill=\"#FCFBF4\"\/>\n                                            <\/svg>\n                                        <\/div>\n                                    <\/div>\n                                <\/div>\n                            <\/div>\n                        <\/div>\n                    <\/a>\n                                    <a href=\"https:\/\/bertakomm.ch\/en\/service\/media\/\" class=\"angebot-card\">\n                        \n                        <div class=\"angebot-card-inner-container\">\n                            <div class=\"angebot-card-content-wrapper\">\n                                <div class=\"angebot-card-title-wrapper\">\n                                    <h3 class=\"angebot-card-title mb_0 text-orange\">\n                                        Media relations                                    <\/h3>\n                                <\/div>\n\n                                <div class=\"angebot-card-hidden-part\">\n                                                                            <p class=\"mb_0 card-text text-white\">\n                                            Targeted media relations leverage trends. We provide editorial support, identify strong spokespersons, and deliver compelling stories to the right media outlets.                                        <\/p>\n                                    \n                                    <div class=\"link-wrapper\">\n                                        <div class=\"arrow-link-main-card arrow-link-main-full-w\">\n                                            <span>Media relations<\/span>\n\n                                            <svg xmlns=\"http:\/\/www.w3.org\/2000\/svg\" width=\"40\" height=\"40\" viewBox=\"0 0 40 40\" fill=\"none\">\n                                                <path d=\"M26.0996 18.5093L20.3828 10H15.4944L22.4617 19.4191L14.8996 30H20.0316L26.0996 18.5093Z\" fill=\"#FCFBF4\"\/>\n                                            <\/svg>\n                                        <\/div>\n                                    <\/div>\n                                <\/div>\n                            <\/div>\n                        <\/div>\n                    <\/a>\n                                    <a href=\"https:\/\/bertakomm.ch\/en\/service\/crisis-communications\/\" class=\"angebot-card\">\n                        \n                        <div class=\"angebot-card-inner-container\">\n                            <div class=\"angebot-card-content-wrapper\">\n                                <div class=\"angebot-card-title-wrapper\">\n                                    <h3 class=\"angebot-card-title mb_0 text-orange\">\n                                        Crisis Communication                                    <\/h3>\n                                <\/div>\n\n                                <div class=\"angebot-card-hidden-part\">\n                                                                            <p class=\"mb_0 card-text text-white\">\n                                            In a crisis, every second counts. We help you prepare effectively and communicate swiftly and credibly when a crisis occurs.\r\n\r\n                                        <\/p>\n                                    \n                                    <div class=\"link-wrapper\">\n                                        <div class=\"arrow-link-main-card arrow-link-main-full-w\">\n                                            <span>Crisis Communication<\/span>\n\n                                            <svg xmlns=\"http:\/\/www.w3.org\/2000\/svg\" width=\"40\" height=\"40\" viewBox=\"0 0 40 40\" fill=\"none\">\n                                                <path d=\"M26.0996 18.5093L20.3828 10H15.4944L22.4617 19.4191L14.8996 30H20.0316L26.0996 18.5093Z\" fill=\"#FCFBF4\"\/>\n                                            <\/svg>\n                                        <\/div>\n                                    <\/div>\n                                <\/div>\n                            <\/div>\n                        <\/div>\n                    <\/a>\n                                    <a href=\"https:\/\/bertakomm.ch\/en\/service\/construction-communication\/\" class=\"angebot-card\">\n                        \n                        <div class=\"angebot-card-inner-container\">\n                            <div class=\"angebot-card-content-wrapper\">\n                                <div class=\"angebot-card-title-wrapper\">\n                                    <h3 class=\"angebot-card-title mb_0 text-orange\">\n                                        Construction communication                                    <\/h3>\n                                <\/div>\n\n                                <div class=\"angebot-card-hidden-part\">\n                                                                            <p class=\"mb_0 card-text text-white\">\n                                            We provide communication support for construction projects \u2013 from planning to implementation. Our goal: to help them overcome all hurdles and achieve successful realization.                                        <\/p>\n                                    \n                                    <div class=\"link-wrapper\">\n                                        <div class=\"arrow-link-main-card arrow-link-main-full-w\">\n                                            <span>Construction communication<\/span>\n\n                                            <svg xmlns=\"http:\/\/www.w3.org\/2000\/svg\" width=\"40\" height=\"40\" viewBox=\"0 0 40 40\" fill=\"none\">\n                                                <path d=\"M26.0996 18.5093L20.3828 10H15.4944L22.4617 19.4191L14.8996 30H20.0316L26.0996 18.5093Z\" fill=\"#FCFBF4\"\/>\n                                            <\/svg>\n                                        <\/div>\n                                    <\/div>\n                                <\/div>\n                            <\/div>\n                        <\/div>\n                    <\/a>\n                            <\/div>\n        <\/section>\n    \n\n\n\n\n\n            <section class=\"flexible-image-block image-full-width-block  image-with-hover scrollMagic-square-bg-el-trigger\" id=\"\" data-uid=\"69e4a5182867c\">\n            <div class=\"image-wrapper\">\n                <div class=\"image-bg\" style=\"background-image: url('https:\/\/bertakomm.ch\/wp-content\/uploads\/2025\/12\/DSC09612-Verbessert-RR-scaled.jpg')\"><\/div>\n\n                                    <div class=\"image-filter image-filter-bottom\"><\/div>\n                \n                                    <img decoding=\"async\" src=\"https:\/\/bertakomm.ch\/wp-content\/themes\/bertakomm_new\/assets\/images\/image_21_9_big.png\" class=\"image-big\" alt=\"Format\" \/>\n                    <img decoding=\"async\" src=\"https:\/\/bertakomm.ch\/wp-content\/themes\/bertakomm_new\/assets\/images\/image_text.png\" class=\"image-desk\" alt=\"Format\" \/>\n                    <img decoding=\"async\" src=\"https:\/\/bertakomm.ch\/wp-content\/themes\/bertakomm_new\/assets\/images\/image_9_16.png\" class=\"image-mob\" alt=\"Format\" \/>\n                            <\/div>\n\n                            <div class=\"image-text-wrapper image-text-wrapper-bottom\">\n                    \n                                            <div class=\"default-text-wrapper-white-with-orange-strong lead-text-wrapper\">\n                            <p>Office Zurich<\/p>\n                        <\/div>\n                                    <\/div>\n                    <\/section>\n    \n\n\n\n","protected":false},"excerpt":{"rendered":"","protected":false},"author":1,"featured_media":0,"parent":0,"menu_order":0,"comment_status":"closed","ping_status":"closed","template":"","meta":{"_acf_changed":false,"inline_featured_image":false,"footnotes":""},"class_list":["post-5937","page","type-page","status-publish","hentry"],"acf":[],"yoast_head":"<!-- This site is optimized with the Yoast SEO Premium plugin v27.2 (Yoast SEO v27.2) - https:\/\/yoast.com\/product\/yoast-seo-premium-wordpress\/ -->\n<title>Our services | BERTAKOMM<\/title>\n<meta name=\"description\" content=\"Our services cover strategy, public affairs, media relations, multimedia, branding, and web design \u2014 everything you need, all in one place.\" \/>\n<meta name=\"robots\" content=\"index, follow, max-snippet:-1, max-image-preview:large, max-video-preview:-1\" \/>\n<link rel=\"canonical\" href=\"https:\/\/bertakomm.ch\/en\/services\/\" \/>\n<meta property=\"og:locale\" content=\"en_US\" \/>\n<meta property=\"og:type\" content=\"article\" \/>\n<meta property=\"og:title\" content=\"Services\" \/>\n<meta property=\"og:description\" content=\"Our services cover strategy, public affairs, media relations, multimedia, branding, and web design \u2014 everything you need, all in one place.\" \/>\n<meta property=\"og:url\" content=\"https:\/\/bertakomm.ch\/en\/services\/\" \/>\n<meta property=\"og:site_name\" content=\"BERTAKOMM\" \/>\n<meta property=\"article:modified_time\" content=\"2026-02-02T07:42:05+00:00\" \/>\n<meta property=\"og:image\" content=\"https:\/\/bertakomm.ch\/wp-content\/uploads\/2025\/05\/Wurfelgruppe-Orange.png\" \/>\n\t<meta property=\"og:image:width\" content=\"1200\" \/>\n\t<meta property=\"og:image:height\" content=\"630\" \/>\n\t<meta property=\"og:image:type\" content=\"image\/png\" \/>\n<meta name=\"twitter:card\" content=\"summary_large_image\" \/>\n<meta name=\"twitter:label1\" content=\"Est. reading time\" \/>\n\t<meta name=\"twitter:data1\" content=\"1 minute\" \/>\n<!-- \/ Yoast SEO Premium plugin. -->","yoast_head_json":{"title":"Our services | BERTAKOMM","description":"Our services cover strategy, public affairs, media relations, multimedia, branding, and web design \u2014 everything you need, all in one place.","robots":{"index":"index","follow":"follow","max-snippet":"max-snippet:-1","max-image-preview":"max-image-preview:large","max-video-preview":"max-video-preview:-1"},"canonical":"https:\/\/bertakomm.ch\/en\/services\/","og_locale":"en_US","og_type":"article","og_title":"Services","og_description":"Our services cover strategy, public affairs, media relations, multimedia, branding, and web design \u2014 everything you need, all in one place.","og_url":"https:\/\/bertakomm.ch\/en\/services\/","og_site_name":"BERTAKOMM","article_modified_time":"2026-02-02T07:42:05+00:00","og_image":[{"width":1200,"height":630,"url":"https:\/\/bertakomm.ch\/wp-content\/uploads\/2025\/05\/Wurfelgruppe-Orange.png","type":"image\/png"}],"twitter_card":"summary_large_image","twitter_misc":{"Est. reading time":"1 minute"},"schema":{"@context":"https:\/\/schema.org","@graph":[{"@type":"WebPage","@id":"https:\/\/bertakomm.ch\/en\/services\/","url":"https:\/\/bertakomm.ch\/en\/services\/","name":"Our services | BERTAKOMM","isPartOf":{"@id":"https:\/\/bertakomm.ch\/#website"},"datePublished":"2025-02-24T11:11:02+00:00","dateModified":"2026-02-02T07:42:05+00:00","description":"Our services cover strategy, public affairs, media relations, multimedia, branding, and web design \u2014 everything you need, all in one place.","breadcrumb":{"@id":"https:\/\/bertakomm.ch\/en\/services\/#breadcrumb"},"inLanguage":"en-US","potentialAction":[{"@type":"ReadAction","target":["https:\/\/bertakomm.ch\/en\/services\/"]}]},{"@type":"BreadcrumbList","@id":"https:\/\/bertakomm.ch\/en\/services\/#breadcrumb","itemListElement":[{"@type":"ListItem","position":1,"name":"Home","item":"https:\/\/bertakomm.ch\/en\/"},{"@type":"ListItem","position":2,"name":"Services"}]},{"@type":"WebSite","@id":"https:\/\/bertakomm.ch\/#website","url":"https:\/\/bertakomm.ch\/","name":"BERTAKOMM","description":"Strategisch. Kreativ. Auf den Punkt.","publisher":{"@id":"https:\/\/bertakomm.ch\/#organization"},"potentialAction":[{"@type":"SearchAction","target":{"@type":"EntryPoint","urlTemplate":"https:\/\/bertakomm.ch\/?s={search_term_string}"},"query-input":{"@type":"PropertyValueSpecification","valueRequired":true,"valueName":"search_term_string"}}],"inLanguage":"en-US"},{"@type":"Organization","@id":"https:\/\/bertakomm.ch\/#organization","name":"BERTAKOMM","url":"https:\/\/bertakomm.ch\/","logo":{"@type":"ImageObject","inLanguage":"en-US","@id":"https:\/\/bertakomm.ch\/#\/schema\/logo\/image\/","url":"","contentUrl":"","caption":"BERTAKOMM"},"image":{"@id":"https:\/\/bertakomm.ch\/#\/schema\/logo\/image\/"},"sameAs":["https:\/\/www.instagram.com\/bertakomm\/","https:\/\/www.linkedin.com\/company\/bertakomm"],"description":"BERTAKOMM beherrscht die gesamte Klaviatur anspruchsvoller Kommunikation und bietet L\u00f6sungen aus einer Hand. Mit rund 40 Mitarbeitenden an Standorten in der ganzen Schweiz \u00fcbersetzen wir komplexe Inhalte in verst\u00e4ndliche Kommunikation \u2013 von der ersten Idee bis zur aussagekr\u00e4ftigen Visualisierung, von der konzisen Strategie bis zur reibungslosen Umsetzung.","email":"gruezi@bertakomm.ch","telephone":"+41445204080","legalName":"BERTA KOMM","foundingDate":"2025-01-01","numberOfEmployees":{"@type":"QuantitativeValue","minValue":"51","maxValue":"200"}}]}},"_links":{"self":[{"href":"https:\/\/bertakomm.ch\/en\/wp-json\/wp\/v2\/pages\/5937","targetHints":{"allow":["GET"]}}],"collection":[{"href":"https:\/\/bertakomm.ch\/en\/wp-json\/wp\/v2\/pages"}],"about":[{"href":"https:\/\/bertakomm.ch\/en\/wp-json\/wp\/v2\/types\/page"}],"author":[{"embeddable":true,"href":"https:\/\/bertakomm.ch\/en\/wp-json\/wp\/v2\/users\/1"}],"replies":[{"embeddable":true,"href":"https:\/\/bertakomm.ch\/en\/wp-json\/wp\/v2\/comments?post=5937"}],"version-history":[{"count":11,"href":"https:\/\/bertakomm.ch\/en\/wp-json\/wp\/v2\/pages\/5937\/revisions"}],"predecessor-version":[{"id":8137,"href":"https:\/\/bertakomm.ch\/en\/wp-json\/wp\/v2\/pages\/5937\/revisions\/8137"}],"wp:attachment":[{"href":"https:\/\/bertakomm.ch\/en\/wp-json\/wp\/v2\/media?parent=5937"}],"curies":[{"name":"wp","href":"https:\/\/api.w.org\/{rel}","templated":true}]}}