{"id":5929,"date":"2025-02-21T11:32:01","date_gmt":"2025-02-21T10:32:01","guid":{"rendered":"https:\/\/dev.bertakomm-v3.berta-bewegt.ch\/startseite\/"},"modified":"2026-01-13T10:01:28","modified_gmt":"2026-01-13T09:01:28","slug":"startseite","status":"publish","type":"page","link":"https:\/\/bertakomm.ch\/en\/","title":{"rendered":"Strategic. Creative. To the point."},"content":{"rendered":"\n            <section class=\"flexible-image-block image-full-width-block  image-with-hover scrollMagic-square-bg-el-trigger\" id=\"\" data-uid=\"69e4a5176593a\">\n            <div class=\"image-wrapper\">\n                <div class=\"image-bg\" style=\"background-image: url('https:\/\/bertakomm.ch\/wp-content\/uploads\/2025\/12\/DSC09607-Verbessert-RR-2-scaled.jpg')\"><\/div>\n\n                                    <div class=\"image-filter \"><\/div>\n                \n                                    <img decoding=\"async\" src=\"https:\/\/bertakomm.ch\/wp-content\/themes\/bertakomm_new\/assets\/images\/image_21_9_big.png\" class=\"image-big\" alt=\"Format\" \/>\n                    <img decoding=\"async\" src=\"https:\/\/bertakomm.ch\/wp-content\/themes\/bertakomm_new\/assets\/images\/image_text.png\" class=\"image-desk\" alt=\"Format\" \/>\n                    <img decoding=\"async\" src=\"https:\/\/bertakomm.ch\/wp-content\/themes\/bertakomm_new\/assets\/images\/image_9_16.png\" class=\"image-mob\" alt=\"Format\" \/>\n                            <\/div>\n\n                            <div class=\"image-text-wrapper \">\n                                            <h2 class=\"text-white \">Full service for greater impact<\/h2>\n                    \n                                            <div class=\"default-text-wrapper-white-with-orange-strong lead-text-wrapper\">\n                            <p>BERTAKOMM masters the full range of high-level communication and delivers integrated solutions from a single source. With around 40 employees and offices throughout Switzerland, we translate complex topics into clear communication \u2013 from the initial idea to impactful visualisation, from concise strategy to smooth execution.<\/p>\n                        <\/div>\n                                    <\/div>\n                    <\/section>\n    \n\n\n\n\n\n\n            <section class=\"custom-video-loop-block scrollMagic-square-bg-el-trigger\" id=\"\" data-uid=\"69e4a51766968\">\n            <div class=\"video-blocks\">\n                <div class=\"video-block\">\n                    <div class=\"video-inner-container\">\n                        \n                                                    <video playsinline autoplay loop muted class=\"custom-video-loop-m\" id=\"video-id-69e4a51766962\">\n                                                                    <source src=\"https:\/\/bertakomm.ch\/wp-content\/uploads\/2026\/01\/bk_web_loop_swiss-food_9x16-1.mp4\" type=\"video\/webm\">\n                                                                                                    <source src=\"https:\/\/bertakomm.ch\/wp-content\/uploads\/2026\/01\/bk_web_loop_swiss-food_9x16-1.mov\" type=\"video\/mp4\">\n                                                            <\/video>\n                                            <\/div>\n                <\/div>\n            <\/div>\n        <\/section>\n    \n\n\n\n\n\n    <section class=\"title-cards-list-button-block block-paddings scrollMagic-square-bg-el-trigger\" id=\"\" data-uid=\"69e4a51768a6c\">\n        <div class=\"black-bg\"><\/div>\n\n        <div class=\"title-cards-list-button-block-inner-container\">\n                            <h2 class=\"medium-big mb_0 text-white\">OUR SERVICES<\/h2>\n                <div class=\"title-divider\"><\/div>\n            \n                            <div class=\"default-text-wrapper-white-with-orange-strong lead-text-wrapper-v3\">\n                    <p>We work at the intersection of <strong>business, society, and politics<\/strong>. Thoughtful, quick, and always straight to the point.<\/p>\n                <\/div>\n            \n                            <div class=\"more-button-wrapper\">\n                    <a href=\"https:\/\/bertakomm.ch\/en\/services\/\" class=\"main-button-white\">Discover more<\/a>\n                <\/div>\n                    <\/div>\n\n                    <div class=\"block-icon-wrapper\">\n                <img decoding=\"async\" src=\"https:\/\/bertakomm.ch\/wp-content\/uploads\/2025\/12\/20251127_bundeshaus_weiss_animation_ile01.gif\" class=\"block-icon\" alt=\"OUR SERVICES\" \/>\n            <\/div>\n            <\/section>\n\n\n\n\n\n\n\n            <section class=\"custom-video-loop-block scrollMagic-square-bg-el-trigger\" id=\"\" data-uid=\"69e4a51768e35\">\n            <div class=\"video-blocks\">\n                <div class=\"video-block\">\n                    <div class=\"video-inner-container\">\n                        \n                                                    <video playsinline autoplay loop muted class=\"custom-video-loop-m\" id=\"video-id-69e4a51768e2e\">\n                                                                    <source src=\"https:\/\/bertakomm.ch\/wp-content\/uploads\/2026\/01\/bk_web_loop_avenergy_branchentag_9x16-1.mp4\" type=\"video\/webm\">\n                                                                                                    <source src=\"https:\/\/bertakomm.ch\/wp-content\/uploads\/2026\/01\/bk_web_loop_avenergy_branchentag_9x16-1.mov\" type=\"video\/mp4\">\n                                                            <\/video>\n                                            <\/div>\n                <\/div>\n            <\/div>\n        <\/section>\n    \n\n\n\n\n\n    <section class=\"title-cards-list-button-block block-paddings scrollMagic-square-bg-el-trigger\" id=\"\" data-uid=\"69e4a5176ab89\">\n        <div class=\"white-bg\"><\/div>\n\n        <div class=\"title-cards-list-button-block-inner-container\">\n                            <h2 class=\"medium-big mb_0 \">CLIENTS<\/h2>\n                <div class=\"title-divider\"><\/div>\n            \n                            <div class=\"default-text-wrapper-black-with-orange-strong lead-text-wrapper-v3\">\n                    <p>Our customers value <strong>personalized guidance and reliability.<\/strong> We listen carefully, think ahead, and\u00a0follow through.<\/p>\n                <\/div>\n            \n                            <div class=\"more-button-wrapper\">\n                    <a href=\"https:\/\/bertakomm.ch\/en\/clients\/#aktuelle-kunden\" class=\"main-button\">Discover more<\/a>\n                <\/div>\n                    <\/div>\n\n                    <div class=\"block-icon-wrapper\">\n                <img decoding=\"async\" src=\"https:\/\/bertakomm.ch\/wp-content\/uploads\/2025\/12\/animation-gruppe_1.gif\" class=\"block-icon\" alt=\"CLIENTS\" \/>\n            <\/div>\n            <\/section>\n\n\n\n\n\n\n\n            <section class=\"custom-video-loop-block scrollMagic-square-bg-el-trigger\" id=\"\" data-uid=\"69e4a5176af47\">\n            <div class=\"video-blocks\">\n                <div class=\"video-block\">\n                    <div class=\"video-inner-container\">\n                                                    <video playsinline autoplay loop muted class=\"custom-video-loop-d\" id=\"video-id-69e4a5176af3f\">\n                                                                    <source src=\"https:\/\/bertakomm.ch\/wp-content\/uploads\/2025\/12\/bk_web_loop_swiss-food_21x9.webm\" type=\"video\/webm\">\n                                                                                            <\/video>\n                        \n                                            <\/div>\n                <\/div>\n            <\/div>\n        <\/section>\n    \n\n\n\n\n\n\n    <section class=\"team-intro-block block-margins scrollMagic-square-bg-el-trigger\" id=\"\" data-uid=\"69e4a5176cd18\">\n        <div class=\"loading-fade loading-fade-block\">\n            <div class=\"lds-dual-ring\"><\/div>\n        <\/div>\n\n        <div class=\"team-block-inner-container\">\n            <h2 class=\"medium-big mb_0\">TEAM<\/h2>\n            <div class=\"title-divider\"><\/div>\n\n            <div class=\"team-cards\"><\/div>\n\n                            <div class=\"load-more-button-wrapper\">\n                                            <a href=\"https:\/\/bertakomm.ch\/en\/team\/\" class=\"main-button\">Meet the team<\/a>\n                                    <\/div>\n                    <\/div>\n    <\/section>\n\n    \n\n\n","protected":false},"excerpt":{"rendered":"","protected":false},"author":1,"featured_media":6126,"parent":0,"menu_order":0,"comment_status":"closed","ping_status":"closed","template":"","meta":{"_acf_changed":false,"inline_featured_image":false,"footnotes":""},"class_list":["post-5929","page","type-page","status-publish","has-post-thumbnail","hentry"],"acf":[],"yoast_head":"<!-- This site is optimized with the Yoast SEO Premium plugin v27.2 (Yoast SEO v27.2) - https:\/\/yoast.com\/product\/yoast-seo-premium-wordpress\/ -->\n<title>BERTAKOMM | Strategic. Creative. To the point.<\/title>\n<meta name=\"description\" content=\"BERTAKOMM offers communications consulting for companies, associations, and public authorities. From strategy and public affairs to multimedia.\" \/>\n<meta name=\"robots\" content=\"index, follow, max-snippet:-1, max-image-preview:large, max-video-preview:-1\" \/>\n<link rel=\"canonical\" href=\"https:\/\/bertakomm.ch\/en\/\" \/>\n<meta property=\"og:locale\" content=\"en_US\" \/>\n<meta property=\"og:type\" content=\"article\" \/>\n<meta property=\"og:title\" content=\"Strategic. Creative. To the point.\" \/>\n<meta property=\"og:description\" content=\"BERTAKOMM offers communications consulting for companies, associations, and public authorities. From strategy and public affairs to multimedia.\" \/>\n<meta property=\"og:url\" content=\"https:\/\/bertakomm.ch\/en\/\" \/>\n<meta property=\"og:site_name\" content=\"BERTAKOMM\" \/>\n<meta property=\"article:modified_time\" content=\"2026-01-13T09:01:28+00:00\" \/>\n<meta property=\"og:image\" content=\"https:\/\/bertakomm.ch\/wp-content\/uploads\/2025\/06\/main_og_image.png\" \/>\n\t<meta property=\"og:image:width\" content=\"1200\" \/>\n\t<meta property=\"og:image:height\" content=\"630\" \/>\n\t<meta property=\"og:image:type\" content=\"image\/png\" \/>\n<meta name=\"twitter:card\" content=\"summary_large_image\" \/>\n<meta name=\"twitter:label1\" content=\"Est. reading time\" \/>\n\t<meta name=\"twitter:data1\" content=\"1 minute\" \/>\n<!-- \/ Yoast SEO Premium plugin. -->","yoast_head_json":{"title":"BERTAKOMM | Strategic. Creative. To the point.","description":"BERTAKOMM offers communications consulting for companies, associations, and public authorities. From strategy and public affairs to multimedia.","robots":{"index":"index","follow":"follow","max-snippet":"max-snippet:-1","max-image-preview":"max-image-preview:large","max-video-preview":"max-video-preview:-1"},"canonical":"https:\/\/bertakomm.ch\/en\/","og_locale":"en_US","og_type":"article","og_title":"Strategic. Creative. To the point.","og_description":"BERTAKOMM offers communications consulting for companies, associations, and public authorities. From strategy and public affairs to multimedia.","og_url":"https:\/\/bertakomm.ch\/en\/","og_site_name":"BERTAKOMM","article_modified_time":"2026-01-13T09:01:28+00:00","og_image":[{"width":1200,"height":630,"url":"https:\/\/bertakomm.ch\/wp-content\/uploads\/2025\/06\/main_og_image.png","type":"image\/png"}],"twitter_card":"summary_large_image","twitter_misc":{"Est. reading time":"1 minute"},"schema":{"@context":"https:\/\/schema.org","@graph":[{"@type":["WebPage","AboutPage"],"@id":"https:\/\/bertakomm.ch\/en\/","url":"https:\/\/bertakomm.ch\/en\/","name":"BERTAKOMM | Strategic. Creative. To the point.","isPartOf":{"@id":"https:\/\/bertakomm.ch\/#website"},"primaryImageOfPage":{"@id":"https:\/\/bertakomm.ch\/en\/#primaryimage"},"image":{"@id":"https:\/\/bertakomm.ch\/en\/#primaryimage"},"thumbnailUrl":"https:\/\/bertakomm.ch\/wp-content\/uploads\/2026\/01\/cover-DE2x-1.png","datePublished":"2025-02-21T10:32:01+00:00","dateModified":"2026-01-13T09:01:28+00:00","description":"BERTAKOMM offers communications consulting for companies, associations, and public authorities. From strategy and public affairs to multimedia.","breadcrumb":{"@id":"https:\/\/bertakomm.ch\/en\/#breadcrumb"},"inLanguage":"en-US","potentialAction":[{"@type":"ReadAction","target":["https:\/\/bertakomm.ch\/en\/"]}]},{"@type":"ImageObject","inLanguage":"en-US","@id":"https:\/\/bertakomm.ch\/en\/#primaryimage","url":"https:\/\/bertakomm.ch\/wp-content\/uploads\/2026\/01\/cover-DE2x-1.png","contentUrl":"https:\/\/bertakomm.ch\/wp-content\/uploads\/2026\/01\/cover-DE2x-1.png","width":1870,"height":1030},{"@type":"BreadcrumbList","@id":"https:\/\/bertakomm.ch\/en\/#breadcrumb","itemListElement":[{"@type":"ListItem","position":1,"name":"Home","item":"https:\/\/bertakomm.ch\/en\/"},{"@type":"ListItem","position":2,"name":"Strategic. Creative. To the point."}]},{"@type":"WebSite","@id":"https:\/\/bertakomm.ch\/#website","url":"https:\/\/bertakomm.ch\/","name":"BERTAKOMM","description":"Strategisch. Kreativ. Auf den Punkt.","publisher":{"@id":"https:\/\/bertakomm.ch\/#organization"},"potentialAction":[{"@type":"SearchAction","target":{"@type":"EntryPoint","urlTemplate":"https:\/\/bertakomm.ch\/?s={search_term_string}"},"query-input":{"@type":"PropertyValueSpecification","valueRequired":true,"valueName":"search_term_string"}}],"inLanguage":"en-US"},{"@type":"Organization","@id":"https:\/\/bertakomm.ch\/#organization","name":"BERTAKOMM","url":"https:\/\/bertakomm.ch\/","logo":{"@type":"ImageObject","inLanguage":"en-US","@id":"https:\/\/bertakomm.ch\/#\/schema\/logo\/image\/","url":"","contentUrl":"","caption":"BERTAKOMM"},"image":{"@id":"https:\/\/bertakomm.ch\/#\/schema\/logo\/image\/"},"sameAs":["https:\/\/www.instagram.com\/bertakomm\/","https:\/\/www.linkedin.com\/company\/bertakomm"],"description":"BERTAKOMM beherrscht die gesamte Klaviatur anspruchsvoller Kommunikation und bietet L\u00f6sungen aus einer Hand. Mit rund 40 Mitarbeitenden an Standorten in der ganzen Schweiz \u00fcbersetzen wir komplexe Inhalte in verst\u00e4ndliche Kommunikation \u2013 von der ersten Idee bis zur aussagekr\u00e4ftigen Visualisierung, von der konzisen Strategie bis zur reibungslosen Umsetzung.","email":"gruezi@bertakomm.ch","telephone":"+41445204080","legalName":"BERTA KOMM","foundingDate":"2025-01-01","numberOfEmployees":{"@type":"QuantitativeValue","minValue":"51","maxValue":"200"}}]}},"_links":{"self":[{"href":"https:\/\/bertakomm.ch\/en\/wp-json\/wp\/v2\/pages\/5929","targetHints":{"allow":["GET"]}}],"collection":[{"href":"https:\/\/bertakomm.ch\/en\/wp-json\/wp\/v2\/pages"}],"about":[{"href":"https:\/\/bertakomm.ch\/en\/wp-json\/wp\/v2\/types\/page"}],"author":[{"embeddable":true,"href":"https:\/\/bertakomm.ch\/en\/wp-json\/wp\/v2\/users\/1"}],"replies":[{"embeddable":true,"href":"https:\/\/bertakomm.ch\/en\/wp-json\/wp\/v2\/comments?post=5929"}],"version-history":[{"count":23,"href":"https:\/\/bertakomm.ch\/en\/wp-json\/wp\/v2\/pages\/5929\/revisions"}],"predecessor-version":[{"id":7955,"href":"https:\/\/bertakomm.ch\/en\/wp-json\/wp\/v2\/pages\/5929\/revisions\/7955"}],"wp:featuredmedia":[{"embeddable":true,"href":"https:\/\/bertakomm.ch\/en\/wp-json\/wp\/v2\/media\/6126"}],"wp:attachment":[{"href":"https:\/\/bertakomm.ch\/en\/wp-json\/wp\/v2\/media?parent=5929"}],"curies":[{"name":"wp","href":"https:\/\/api.w.org\/{rel}","templated":true}]}}